{"id":453,"date":"2024-03-06T20:03:20","date_gmt":"2024-03-06T19:03:20","guid":{"rendered":"https:\/\/lesamisdelasaintechapelle.com\/?page_id=453"},"modified":"2026-04-15T19:54:00","modified_gmt":"2026-04-15T17:54:00","slug":"musique-en-savoie","status":"publish","type":"page","link":"https:\/\/lesamisdelasaintechapelle.com\/index.php\/programmation\/musique-en-savoie\/","title":{"rendered":"MUSIQUE EN SAVOIE"},"content":{"rendered":"\n<h3 class=\"wp-block-heading\">MARDI 2 JUIN 2026 \u2022 20H (DUR\u00c9E 1H) \u2022 \u00c9GLISE SAINT-PIERRE DE MACH\u00c9<\/h3>\n\n\n\n<div class=\"wp-block-cover is-light\" style=\"min-height:200px;aspect-ratio:unset;\"><img loading=\"lazy\" decoding=\"async\" width=\"2560\" height=\"1920\" class=\"wp-block-cover__image-background wp-image-1774 size-full\" alt=\"\" src=\"http:\/\/lesamisdelasaintechapelle.com\/wp-content\/uploads\/2025\/08\/Choeur-de-la-Sainte-Chapelle-scaled.jpeg\" style=\"object-position:50% 70%\" data-object-fit=\"cover\" data-object-position=\"50% 70%\" srcset=\"https:\/\/lesamisdelasaintechapelle.com\/wp-content\/uploads\/2025\/08\/Choeur-de-la-Sainte-Chapelle-scaled.jpeg 2560w, https:\/\/lesamisdelasaintechapelle.com\/wp-content\/uploads\/2025\/08\/Choeur-de-la-Sainte-Chapelle-300x225.jpeg 300w, https:\/\/lesamisdelasaintechapelle.com\/wp-content\/uploads\/2025\/08\/Choeur-de-la-Sainte-Chapelle-1024x768.jpeg 1024w, https:\/\/lesamisdelasaintechapelle.com\/wp-content\/uploads\/2025\/08\/Choeur-de-la-Sainte-Chapelle-768x576.jpeg 768w, https:\/\/lesamisdelasaintechapelle.com\/wp-content\/uploads\/2025\/08\/Choeur-de-la-Sainte-Chapelle-1536x1152.jpeg 1536w, https:\/\/lesamisdelasaintechapelle.com\/wp-content\/uploads\/2025\/08\/Choeur-de-la-Sainte-Chapelle-2048x1536.jpeg 2048w, https:\/\/lesamisdelasaintechapelle.com\/wp-content\/uploads\/2025\/08\/Choeur-de-la-Sainte-Chapelle-600x450.jpeg 600w\" sizes=\"auto, (max-width: 2560px) 100vw, 2560px\" \/><span aria-hidden=\"true\" class=\"wp-block-cover__background has-white-background-color has-background-dim-70 has-background-dim\"><\/span><div class=\"wp-block-cover__inner-container is-layout-constrained wp-block-cover-is-layout-constrained\">\n<p class=\"has-text-align-center MrsEavesRoman has-medium-font-size\"><strong><em>Six si\u00e8cles de polyphonies savoyardes \u00e0 la cour, \u00e0 l&rsquo;\u00e9glise, \u00e0 la chambre, au champ, \u00e0 l&rsquo;auberge<\/em><\/strong><\/p>\n\n\n\n<div style=\"height:20px\" aria-hidden=\"true\" class=\"wp-block-spacer\"><\/div>\n\n\n\n<p class=\"has-text-align-center MrsEavesRoman has-medium-font-size\"><strong>Par le Ch\u0153ur de la Sainte-Chapelle, direction musicale Beno\u00eet Magnin<\/strong><\/p>\n<\/div><\/div>\n\n\n\n<div class=\"wp-block-group\"><div class=\"wp-block-group__inner-container is-layout-constrained wp-block-group-is-layout-constrained\">\n<div style=\"height:10px\" aria-hidden=\"true\" class=\"wp-block-spacer\"><\/div>\n\n\n\n<div class=\"wp-block-columns are-vertically-aligned-center is-layout-flex wp-container-core-columns-is-layout-9d6595d7 wp-block-columns-is-layout-flex\">\n<div class=\"wp-block-column is-vertically-aligned-center is-layout-flow wp-block-column-is-layout-flow\" style=\"flex-basis:20%\">\n<div class=\"wp-block-buttons is-vertical is-content-justification-center is-layout-flex wp-container-core-buttons-is-layout-9a7cdcfd wp-block-buttons-is-layout-flex\">\n<div class=\"wp-block-button has-custom-width wp-block-button__width-75 is-style-outline is-style-outline--1\"><a class=\"wp-block-button__link has-text-color has-link-color has-text-align-center wp-element-button\" href=\"https:\/\/lesamisdelasaintechapelle.com\/index.php\/programmation\/musique-en-savoie\/#tarifs\" style=\"border-radius:0px;color:#ff956c\">TARIFS<\/a><\/div>\n<\/div>\n<\/div>\n\n\n\n<div class=\"wp-block-column is-vertically-aligned-center is-layout-flow wp-block-column-is-layout-flow\" style=\"flex-basis:45%\">\n<div class=\"wp-block-buttons is-vertical is-content-justification-center is-nowrap is-layout-flex wp-container-core-buttons-is-layout-534da0b3 wp-block-buttons-is-layout-flex\">\n<div class=\"wp-block-button has-custom-width wp-block-button__width-100 is-style-outline is-style-outline--2\"><a class=\"wp-block-button__link has-text-color has-link-color has-text-align-center wp-element-button\" href=\"https:\/\/www.billetweb.fr\/festival-de-printemps-2026\" style=\"border-radius:0px;color:#ff956c\" target=\"_blank\" rel=\"noreferrer noopener\">BILLETTERIE | R\u00c9SERVATION<\/a><\/div>\n<\/div>\n<\/div>\n\n\n\n<div class=\"wp-block-column is-vertically-aligned-center is-layout-flow wp-block-column-is-layout-flow\" style=\"flex-basis:35%\">\n<div class=\"wp-block-group a-la-ligne\"><div class=\"wp-block-group__inner-container is-layout-constrained wp-block-group-is-layout-constrained\">\n<p class=\"has-text-align-center\">R\u00e9servation possible \u00e0 :<\/p>\n\n\n\n<p class=\"has-text-align-center\">contact@lesamisdelasaintechapelle.com<\/p>\n\n\n\n<p class=\"has-text-align-center\">06 14 31 66 71<\/p>\n<\/div><\/div>\n<\/div>\n<\/div>\n<\/div><\/div>\n\n\n\n<hr class=\"wp-block-separator has-text-color has-alpha-channel-opacity has-background is-style-wide\" style=\"background-color:#41c7c0;color:#41c7c0\"\/>\n\n\n\n<h6 class=\"wp-block-heading\">PROGRAMME<\/h6>\n\n\n\n<div class=\"wp-block-columns are-vertically-aligned-center programme is-layout-flex wp-container-core-columns-is-layout-9d6595d7 wp-block-columns-is-layout-flex\">\n<div class=\"wp-block-column is-vertically-aligned-center is-layout-flow wp-block-column-is-layout-flow\" style=\"flex-basis:50%\">\n<p><strong>Guillaume DUFAY<\/strong> (1397-1474) &#8211; <em>Kyrie de la Messe de l&rsquo;Homme Arm\u00e9<\/em><\/p>\n\n\n\n<p><strong>Antoine BRUMEL<\/strong> (1460-1515) &#8211; <em>Gloria de la Messe Berzerette Savoyenne<\/em><\/p>\n\n\n\n<p><strong>Jean RITZ 2<\/strong> (1836-1925) &#8211; <em>Sanctus<\/em><\/p>\n\n\n\n<p><strong>Anonyme Codex Staffarda<\/strong> &#8211; <em>Agnus Dei<\/em><\/p>\n\n\n\n<hr class=\"wp-block-separator has-alpha-channel-opacity petit-separateur\"\/>\n\n\n\n<p class=\"has-text-align-center\"><strong>Aux champs<\/strong><\/p>\n\n\n\n<p><strong>Traditionnel Robert SCOTTON<\/strong> &#8211; <em>La petite maisonnette<\/em><\/p>\n\n\n\n<p><strong>Etienne PERRUCHON<\/strong> (1958-2019) &#8211; <em>L&rsquo;armoise d&rsquo;or<\/em><\/p>\n\n\n\n<p><strong>Traditionnel Raymond GAILLARD<\/strong> &#8211; <em>Rigaudon de Savoie<\/em><\/p>\n<\/div>\n\n\n\n<div class=\"wp-block-column is-vertically-aligned-center is-layout-flow wp-block-column-is-layout-flow\" style=\"flex-basis:50%\">\n<p class=\"has-text-align-center\"><strong>\u00c0 la chambre<\/strong><\/p>\n\n\n\n<p><strong>Sigismondo D&rsquo;INDIA<\/strong> (1582-1629) &#8211; <em>O de&rsquo; pi\u00f9 fertil colli<\/em><\/p>\n\n\n\n<p><strong>V. DYCK<\/strong> &#8211; <em>Le mariage de la princesse de Savoie<\/em><\/p>\n\n\n\n<p><strong>Sigismondo D&rsquo;INDIA<\/strong> (1582-1629) &#8211; <em>Crud&rsquo;Amarilli<\/em><\/p>\n\n\n\n<p><strong>Bepi DE MARZI<\/strong> (1935-) &#8211; <em>San Matio<\/em><\/p>\n\n\n\n<hr class=\"wp-block-separator has-alpha-channel-opacity petit-separateur\"\/>\n\n\n\n<p class=\"has-text-align-center\"><strong>Aux v\u00eapres<\/strong><\/p>\n\n\n\n<p><strong>Bucheti Codex Staffarda<\/strong> &#8211; <em>Regina Coeli<\/em><\/p>\n\n\n\n<p><strong>Sigismondo D&rsquo;INDIA<\/strong> (1582-1629) &#8211; <em>Timor et tremor<\/em><\/p>\n\n\n\n<p><strong>Bepi DE MARZI<\/strong> (1935-) &#8211; <em>Gerusalemme<\/em><\/p>\n\n\n\n<div class=\"wp-block-group hide2 has-background is-vertical is-content-justification-center is-layout-flex wp-container-core-group-is-layout-48c2c4f0 wp-block-group-is-layout-flex\" style=\"background-color:#efe2cf\">\n<p class=\"has-text-align-center\">Nom du fichier : Programme 13-10<\/p>\n\n\n\n<p class=\"has-text-align-center has-small-font-size\">Taille : 471 Ko<\/p>\n\n\n\n<div class=\"wp-block-file\"><a id=\"wp-block-file--media-6ffc21e2-7da0-4fbb-b3fa-ca496b7488f4\" href=\"http:\/\/lesamisdelasaintechapelle.com\/wp-content\/uploads\/2024\/09\/Programme-13-10.jpg\">Aper\u00e7u<\/a><a href=\"http:\/\/lesamisdelasaintechapelle.com\/wp-content\/uploads\/2024\/09\/Programme-13-10.jpg\" class=\"wp-block-file__button wp-element-button\" download aria-describedby=\"wp-block-file--media-6ffc21e2-7da0-4fbb-b3fa-ca496b7488f4\">T\u00e9l\u00e9charger<\/a><\/div>\n<\/div>\n\n\n\n<div style=\"height:30px\" aria-hidden=\"true\" class=\"wp-block-spacer hide2\"><\/div>\n\n\n\n<div class=\"wp-block-group hide2 has-background is-vertical is-content-justification-center is-layout-flex wp-container-core-group-is-layout-48c2c4f0 wp-block-group-is-layout-flex\" style=\"background-color:#efe2cf\">\n<p class=\"has-text-align-center\">Nom du fichier : 13-10 Traduction des textes anglais<\/p>\n\n\n\n<p class=\"has-text-align-center has-small-font-size\">Taille : 755 Ko<\/p>\n\n\n\n<div class=\"wp-block-file\"><a id=\"wp-block-file--media-2c4ed613-cdd8-47ed-92ca-0e88d587207d\" href=\"http:\/\/lesamisdelasaintechapelle.com\/wp-content\/uploads\/2024\/10\/13-10-Traduction-des-textes-anglais.pdf\">Aper\u00e7u<\/a><a href=\"http:\/\/lesamisdelasaintechapelle.com\/wp-content\/uploads\/2024\/10\/13-10-Traduction-des-textes-anglais.pdf\" class=\"wp-block-file__button wp-element-button\" download aria-describedby=\"wp-block-file--media-2c4ed613-cdd8-47ed-92ca-0e88d587207d\">T\u00e9l\u00e9charger<\/a><\/div>\n<\/div>\n<\/div>\n<\/div>\n\n\n\n<hr class=\"wp-block-separator has-text-color has-alpha-channel-opacity has-background is-style-wide\" style=\"background-color:#41c7c0;color:#41c7c0\"\/>\n\n\n\n<h6 class=\"wp-block-heading\">LIEU<\/h6>\n\n\n\n<div class=\"wp-block-columns are-vertically-aligned-center is-layout-flex wp-container-core-columns-is-layout-9d6595d7 wp-block-columns-is-layout-flex\">\n<div class=\"wp-block-column is-vertically-aligned-center is-layout-flow wp-block-column-is-layout-flow\" style=\"flex-basis:40%\">\n<div class=\"wp-block-group a-la-ligne\"><div class=\"wp-block-group__inner-container is-layout-constrained wp-block-group-is-layout-constrained\">\n<p>\u00c9glise Saint-Pierre de Mach\u00e9<\/p>\n<\/div><\/div>\n\n\n\n<div class=\"wp-block-group a-la-ligne\"><div class=\"wp-block-group__inner-container is-layout-constrained wp-block-group-is-layout-constrained\">\n<p>2 Place Saint-Pierre de M\u00e2che<\/p>\n\n\n\n<p>73 000 Chamb\u00e9ry<\/p>\n<\/div><\/div>\n\n\n\n<p><a href=\"https:\/\/lesamisdelasaintechapelle.com\/index.php\/acces-concerts\/#plan2\" target=\"_blank\" rel=\"noopener\" title=\"(plan)\">Plan d&rsquo;acc\u00e8s aux concerts<\/a><\/p>\n<\/div>\n\n\n\n<div class=\"wp-block-column is-vertically-aligned-center is-layout-flow wp-block-column-is-layout-flow\">\n<iframe src=\"https:\/\/www.google.com\/maps\/embed?pb=!1m18!1m12!1m3!1d2793.2864973215133!2d5.9125736760917675!3d45.564676971075784!2m3!1f0!2f0!3f0!3m2!1i1024!2i768!4f13.1!3m3!1m2!1s0x478ba855b4199a9f%3A0xc6730eeeff0f5ab6!2s%C3%89glise%20Saint-Pierre-de-Mach%C3%A9!5e0!3m2!1sfr!2sfr!4v1774540852139!5m2!1sfr!2sfr\" width=\"600\" height=\"100%\" style=\"border:0;\" allowfullscreen=\"\" loading=\"lazy\" referrerpolicy=\"no-referrer-when-downgrade\"><\/iframe>\n<\/div>\n<\/div>\n\n\n\n<div style=\"height:53px\" aria-hidden=\"true\" id=\"tarifs\" class=\"wp-block-spacer ancre\"><\/div>\n\n\n\n<hr class=\"wp-block-separator has-text-color has-alpha-channel-opacity has-background is-style-wide\" style=\"background-color:#41c7c0;color:#41c7c0\"\/>\n\n\n\n<h6 class=\"wp-block-heading\">TARIFS<\/h6>\n\n\n\n<div class=\"wp-block-columns are-vertically-aligned-center is-layout-flex wp-container-core-columns-is-layout-9d6595d7 wp-block-columns-is-layout-flex\">\n<div class=\"wp-block-column is-vertically-aligned-center is-layout-flow wp-block-column-is-layout-flow\" style=\"flex-basis:50%\">\n<ul class=\"wp-block-list\">\n<li>Moins de 12 ans : gratuit<\/li>\n\n\n\n<li>Enfants de 13 \u00e0 18 ans : 10\u20ac<\/li>\n\n\n\n<li>Tarif r\u00e9duit (\u00e9tudiants et demandeurs d&#8217;emploi) : 10\u20ac<\/li>\n\n\n\n<li>Tarif adh\u00e9rent : 10\u20ac<\/li>\n\n\n\n<li>Plein tarif non-adh\u00e9rent : 20\u20ac<\/li>\n<\/ul>\n\n\n\n<p><\/p>\n\n\n\n<ul class=\"wp-block-list\">\n<li>Tarif passe-concert (pour 3 concerts au choix) : 50\u20ac<\/li>\n\n\n\n<li>Professeur.es de la Cit\u00e9 des Arts : 15\u20ac<\/li>\n<\/ul>\n\n\n\n<p><\/p>\n\n\n\n<p>Adh\u00e9sion association : 15\u20ac<\/p>\n<\/div>\n\n\n\n<div class=\"wp-block-column is-vertically-aligned-center is-layout-flow wp-block-column-is-layout-flow\" style=\"flex-basis:50%\">\n<div class=\"wp-block-buttons is-vertical is-content-justification-center is-layout-flex wp-container-core-buttons-is-layout-9a7cdcfd wp-block-buttons-is-layout-flex\">\n<div class=\"wp-block-button has-custom-width wp-block-button__width-75 is-style-outline is-style-outline--3\"><a class=\"wp-block-button__link has-text-color has-link-color has-text-align-center wp-element-button\" href=\"https:\/\/www.billetweb.fr\/festival-de-printemps-2026\" style=\"border-radius:0px;color:#ff956c\" target=\"_blank\" rel=\"noreferrer noopener\">BILLETTERIE | R\u00c9SERVATION<\/a><\/div>\n<\/div>\n\n\n\n<div style=\"height:20px\" aria-hidden=\"true\" class=\"wp-block-spacer\"><\/div>\n\n\n\n<div class=\"wp-block-group a-la-ligne\"><div class=\"wp-block-group__inner-container is-layout-constrained wp-block-group-is-layout-constrained\">\n<p class=\"has-text-align-center\">R\u00e9servation possible \u00e0 :<\/p>\n\n\n\n<p class=\"has-text-align-center\">contact@lesamisdelasaintechapelle.com<\/p>\n\n\n\n<p class=\"has-text-align-center\">06 14 31 66 71<\/p>\n<\/div><\/div>\n<\/div>\n<\/div>\n\n\n\n<hr class=\"wp-block-separator has-text-color has-alpha-channel-opacity has-background is-style-wide\" style=\"background-color:#41c7c0;color:#41c7c0\"\/>\n\n\n\n<h6 class=\"wp-block-heading\">LES ARTISTES<\/h6>\n\n\n\n<div class=\"wp-block-columns are-vertically-aligned-center is-layout-flex wp-container-core-columns-is-layout-9d6595d7 wp-block-columns-is-layout-flex\">\n<div class=\"wp-block-column is-vertically-aligned-center is-layout-flow wp-block-column-is-layout-flow\" style=\"flex-basis:20%\"><div class=\"wp-block-image is-style-rounded\">\n<figure class=\"aligncenter size-large\"><img loading=\"lazy\" decoding=\"async\" width=\"1024\" height=\"1024\" src=\"http:\/\/lesamisdelasaintechapelle.com\/wp-content\/uploads\/2025\/07\/Benoit-Magnin-crop-1024x1024.jpg\" alt=\"\" class=\"wp-image-1467\" style=\"aspect-ratio:1;object-fit:cover\" srcset=\"https:\/\/lesamisdelasaintechapelle.com\/wp-content\/uploads\/2025\/07\/Benoit-Magnin-crop-1024x1024.jpg 1024w, https:\/\/lesamisdelasaintechapelle.com\/wp-content\/uploads\/2025\/07\/Benoit-Magnin-crop-300x300.jpg 300w, https:\/\/lesamisdelasaintechapelle.com\/wp-content\/uploads\/2025\/07\/Benoit-Magnin-crop-150x150.jpg 150w, https:\/\/lesamisdelasaintechapelle.com\/wp-content\/uploads\/2025\/07\/Benoit-Magnin-crop-768x768.jpg 768w, https:\/\/lesamisdelasaintechapelle.com\/wp-content\/uploads\/2025\/07\/Benoit-Magnin-crop-1536x1536.jpg 1536w, https:\/\/lesamisdelasaintechapelle.com\/wp-content\/uploads\/2025\/07\/Benoit-Magnin-crop-2048x2048.jpg 2048w, https:\/\/lesamisdelasaintechapelle.com\/wp-content\/uploads\/2025\/07\/Benoit-Magnin-crop-600x600.jpg 600w\" sizes=\"auto, (max-width: 1024px) 100vw, 1024px\" \/><\/figure>\n<\/div><\/div>\n\n\n\n<div class=\"wp-block-column is-vertically-aligned-center is-layout-flow wp-block-column-is-layout-flow\" style=\"flex-basis:80%\">\n<p>Beno\u00eet Magnin<\/p>\n\n\n\n<p>Direction du Ch\u0153ur de la Sainte-Chapelle<\/p>\n<\/div>\n<\/div>\n\n\n\n<div class=\"wp-block-columns are-vertically-aligned-center is-layout-flex wp-container-core-columns-is-layout-9d6595d7 wp-block-columns-is-layout-flex\">\n<div class=\"wp-block-column is-vertically-aligned-center is-layout-flow wp-block-column-is-layout-flow\" style=\"flex-basis:20%\"><div class=\"wp-block-image is-style-rounded\">\n<figure class=\"aligncenter size-large\"><img loading=\"lazy\" decoding=\"async\" width=\"1024\" height=\"768\" src=\"http:\/\/lesamisdelasaintechapelle.com\/wp-content\/uploads\/2025\/08\/Choeur-de-la-Sainte-Chapelle-2-1024x768.jpeg\" alt=\"\" class=\"wp-image-1791\" style=\"aspect-ratio:1;object-fit:cover\" srcset=\"https:\/\/lesamisdelasaintechapelle.com\/wp-content\/uploads\/2025\/08\/Choeur-de-la-Sainte-Chapelle-2-1024x768.jpeg 1024w, https:\/\/lesamisdelasaintechapelle.com\/wp-content\/uploads\/2025\/08\/Choeur-de-la-Sainte-Chapelle-2-300x225.jpeg 300w, https:\/\/lesamisdelasaintechapelle.com\/wp-content\/uploads\/2025\/08\/Choeur-de-la-Sainte-Chapelle-2-768x576.jpeg 768w, https:\/\/lesamisdelasaintechapelle.com\/wp-content\/uploads\/2025\/08\/Choeur-de-la-Sainte-Chapelle-2-1536x1152.jpeg 1536w, https:\/\/lesamisdelasaintechapelle.com\/wp-content\/uploads\/2025\/08\/Choeur-de-la-Sainte-Chapelle-2-2048x1536.jpeg 2048w, https:\/\/lesamisdelasaintechapelle.com\/wp-content\/uploads\/2025\/08\/Choeur-de-la-Sainte-Chapelle-2-600x450.jpeg 600w\" sizes=\"auto, (max-width: 1024px) 100vw, 1024px\" \/><\/figure>\n<\/div><\/div>\n\n\n\n<div class=\"wp-block-column is-vertically-aligned-center is-layout-flow wp-block-column-is-layout-flow\" style=\"flex-basis:80%\">\n<p>Ch\u0153ur de la Sainte-Chapelle<\/p>\n\n\n\n<div class=\"wp-block-group a-la-ligne\"><div class=\"wp-block-group__inner-container is-layout-constrained wp-block-group-is-layout-constrained\">\n<p>Aur\u00e9lie Sudul, Mady Berland, St\u00e9phanie Ramdani, Maud Vadot, C\u00e9line Perriolat, Mathilde Marduel, Perrine Carroy, C\u00e9cile Petit, B\u00e9atrice Thimjo, Anke Maenner, R\u00e9gine Bouscasse, Franck S\u00e9n\u00e9chal, Jean-Fran\u00e7ois Coulloud, Romain Morcellet, Laurent Callu, Jean-Louis Ninet, Bernard His<\/p>\n<\/div><\/div>\n<\/div>\n<\/div>\n\n\n\n<div class=\"wp-block-columns are-vertically-aligned-center hide2 is-layout-flex wp-container-core-columns-is-layout-9d6595d7 wp-block-columns-is-layout-flex\">\n<div class=\"wp-block-column is-vertically-aligned-center is-layout-flow wp-block-column-is-layout-flow\" style=\"flex-basis:20%\"><div class=\"wp-block-image is-style-rounded\">\n<figure class=\"aligncenter size-large\"><img loading=\"lazy\" decoding=\"async\" width=\"1024\" height=\"768\" src=\"http:\/\/lesamisdelasaintechapelle.com\/wp-content\/uploads\/2025\/08\/Choeur-de-la-Sainte-Chapelle-2-1024x768.jpeg\" alt=\"\" class=\"wp-image-1791\" style=\"aspect-ratio:1;object-fit:cover\" srcset=\"https:\/\/lesamisdelasaintechapelle.com\/wp-content\/uploads\/2025\/08\/Choeur-de-la-Sainte-Chapelle-2-1024x768.jpeg 1024w, https:\/\/lesamisdelasaintechapelle.com\/wp-content\/uploads\/2025\/08\/Choeur-de-la-Sainte-Chapelle-2-300x225.jpeg 300w, https:\/\/lesamisdelasaintechapelle.com\/wp-content\/uploads\/2025\/08\/Choeur-de-la-Sainte-Chapelle-2-768x576.jpeg 768w, https:\/\/lesamisdelasaintechapelle.com\/wp-content\/uploads\/2025\/08\/Choeur-de-la-Sainte-Chapelle-2-1536x1152.jpeg 1536w, https:\/\/lesamisdelasaintechapelle.com\/wp-content\/uploads\/2025\/08\/Choeur-de-la-Sainte-Chapelle-2-2048x1536.jpeg 2048w, https:\/\/lesamisdelasaintechapelle.com\/wp-content\/uploads\/2025\/08\/Choeur-de-la-Sainte-Chapelle-2-600x450.jpeg 600w\" sizes=\"auto, (max-width: 1024px) 100vw, 1024px\" \/><\/figure>\n<\/div><\/div>\n\n\n\n<div class=\"wp-block-column is-vertically-aligned-center is-layout-flow wp-block-column-is-layout-flow\" style=\"flex-basis:80%\">\n<p>Ch\u0153ur de la Sainte-Chapelle<\/p>\n\n\n\n<div class=\"wp-block-group a-la-ligne\"><div class=\"wp-block-group__inner-container is-layout-constrained wp-block-group-is-layout-constrained\">\n<p>Mady Berland, Laurent Callu, Perrine Carroy, Jean-Fran\u00e7ois Coulloud, Celia Gessi, Bernard His, Mathilde Marduel, Fabienne Marguerie, Christophe Michelland, Romain Morcelet, C\u00e9line Perriolat, St\u00e9phanie Ramdani, V\u00e9ronique Repplinger, Tamara Reyes, Marie-Pierre Schivre, Franck S\u00e9n\u00e9chal, Julie Vallet, Paul Vieillard<\/p>\n<\/div><\/div>\n<\/div>\n<\/div>\n\n\n\n<div class=\"wp-block-columns are-vertically-aligned-center hide2 is-layout-flex wp-container-core-columns-is-layout-9d6595d7 wp-block-columns-is-layout-flex\">\n<div class=\"wp-block-column is-vertically-aligned-center is-layout-flow wp-block-column-is-layout-flow\" style=\"flex-basis:20%\"><div class=\"wp-block-image is-style-rounded\">\n<figure class=\"aligncenter size-large\"><img loading=\"lazy\" decoding=\"async\" width=\"1024\" height=\"768\" src=\"http:\/\/lesamisdelasaintechapelle.com\/wp-content\/uploads\/2025\/08\/Choeur-de-la-Sainte-Chapelle-2-1024x768.jpeg\" alt=\"\" class=\"wp-image-1791\" style=\"aspect-ratio:1;object-fit:cover\" srcset=\"https:\/\/lesamisdelasaintechapelle.com\/wp-content\/uploads\/2025\/08\/Choeur-de-la-Sainte-Chapelle-2-1024x768.jpeg 1024w, https:\/\/lesamisdelasaintechapelle.com\/wp-content\/uploads\/2025\/08\/Choeur-de-la-Sainte-Chapelle-2-300x225.jpeg 300w, https:\/\/lesamisdelasaintechapelle.com\/wp-content\/uploads\/2025\/08\/Choeur-de-la-Sainte-Chapelle-2-768x576.jpeg 768w, https:\/\/lesamisdelasaintechapelle.com\/wp-content\/uploads\/2025\/08\/Choeur-de-la-Sainte-Chapelle-2-1536x1152.jpeg 1536w, https:\/\/lesamisdelasaintechapelle.com\/wp-content\/uploads\/2025\/08\/Choeur-de-la-Sainte-Chapelle-2-2048x1536.jpeg 2048w, https:\/\/lesamisdelasaintechapelle.com\/wp-content\/uploads\/2025\/08\/Choeur-de-la-Sainte-Chapelle-2-600x450.jpeg 600w\" sizes=\"auto, (max-width: 1024px) 100vw, 1024px\" \/><\/figure>\n<\/div><\/div>\n\n\n\n<div class=\"wp-block-column is-vertically-aligned-center is-layout-flow wp-block-column-is-layout-flow\" style=\"flex-basis:80%\">\n<p>Ch\u0153ur de la Sainte-Chapelle<\/p>\n\n\n\n<div class=\"wp-block-group a-la-ligne\"><div class=\"wp-block-group__inner-container is-layout-constrained wp-block-group-is-layout-constrained\">\n<p>Soprano : St\u00e9phanie Chopin-Ramdani, Julie Vallet, Mady Berland, Perrine Carroy, C\u00e9line Juge, Mathilde Marduel, Fabienne Marguerie<\/p>\n\n\n\n<p>Alto : Tamara Reyes, Marie-Pierre Schivre, C\u00e9lia Gessi, V\u00e9ronique Repplinger<\/p>\n\n\n\n<p>T\u00e9nor : Laurent Callu, Jean-Fran\u00e7ois Coulloud, Romain Morcelet, Franck S\u00e9n\u00e9chal<\/p>\n\n\n\n<p>Basse : Christophe Michelland, Bernard His, Jean-Louis Ninet<\/p>\n<\/div><\/div>\n<\/div>\n<\/div>\n\n\n\n<hr class=\"wp-block-separator has-text-color has-alpha-channel-opacity has-background is-style-wide\" style=\"background-color:#41c7c0;color:#41c7c0\"\/>\n\n\n\n<h6 class=\"wp-block-heading\">BIOGRAPHIES<\/h6>\n\n\n\n<p><strong>Benoit Magnin (direction)<\/strong> d\u00e9bute son parcours au pays de la Roussette o\u00f9 il use ses fonds de culotte sur les bancs de la fanfare municipale au son joyeux de la \u00ab&nbsp;pichotte&nbsp;\u00bb. Pass\u00e9 ma\u00eetre dans l\u2019art d\u00e9licat du contretemps, il aspire toutefois \u00e0 d\u2019autres ivresses musicales. Suivant les traces de ses anc\u00eatres il s\u2019adonne au chant choral puis soliste. Les mugissements de la pubert\u00e9 le d\u00e9couragent de la voix de baryton\u2026 il sera \u00ab&nbsp;contre t\u00e9nor&nbsp;\u00bb. Gr\u00e2ce \u00e0 la patience et \u00e0 la t\u00e9nacit\u00e9 d\u2019excellents professeurs de chant, et de musique ancienne, il peut maintenant parcourir les sentiers fleuris de la musique des si\u00e8cles pass\u00e9s. Il n\u2019en oublie pas pour autant les joyaux de la musique traditionnelle des Alpes ni les plaisirs de l\u2019\u00e9ducation musicale des plus jeunes.<\/p>\n\n\n\n<hr class=\"wp-block-separator has-alpha-channel-opacity petit-separateur\"\/>\n\n\n\n<p>Le <strong>Ch\u0153ur de la Sainte-Chapelle<\/strong>, cr\u00e9\u00e9 en 2021, oriente sa recherche vers le r\u00e9pertoire a capella de la Renaissance. Il appr\u00e9cie \u00e9galement de chanter de concert avec diff\u00e9rents ch\u0153urs de la r\u00e9gion le r\u00e9pertoire baroque, accompagn\u00e9 d\u2019ensembles instrumentaux. Sous la direction de Benoit Magnin, cet ensemble vocal recrute des chanteurs-lecteurs avertis. L\u2019ensemble se produit en la Sainte-Chapelle, dans la Savoie et la Haute-Savoie. Les r\u00e9p\u00e9titions se font \u00e0 la Cit\u00e9 des Arts et \u00e0 la Sainte-Chapelle. Vous \u00eates chanteur et souhaitez rejoindre l\u2019ensemble ? Faites-vous conna\u00eetre \u00e0 l\u2019issue du concert !<\/p>\n","protected":false},"excerpt":{"rendered":"<p>MARDI 2 JUIN 2026 \u2022 20H (DUR\u00c9E 1H) \u2022 \u00c9GLISE SAINT-PIERRE DE MACH\u00c9 R\u00e9servation possible \u00e0 : contact@lesamisdelasaintechapelle.com 06 14 31 66 71 PROGRAMME Guillaume DUFAY (1397-1474) &#8211; Kyrie de la Messe de l&rsquo;Homme Arm\u00e9 Antoine BRUMEL (1460-1515) &#8211; Gloria de la Messe Berzerette Savoyenne Jean RITZ 2 (1836-1925) &#8211; Sanctus Anonyme Codex Staffarda &#8211; [&hellip;]<\/p>\n","protected":false},"author":1,"featured_media":0,"parent":128,"menu_order":2,"comment_status":"closed","ping_status":"closed","template":"","meta":{"_monsterinsights_skip_tracking":false,"_monsterinsights_sitenote_active":false,"_monsterinsights_sitenote_note":"","_monsterinsights_sitenote_category":0,"footnotes":""},"folder":[],"class_list":["post-453","page","type-page","status-publish","hentry"],"aioseo_notices":[],"_links":{"self":[{"href":"https:\/\/lesamisdelasaintechapelle.com\/index.php\/wp-json\/wp\/v2\/pages\/453","targetHints":{"allow":["GET"]}}],"collection":[{"href":"https:\/\/lesamisdelasaintechapelle.com\/index.php\/wp-json\/wp\/v2\/pages"}],"about":[{"href":"https:\/\/lesamisdelasaintechapelle.com\/index.php\/wp-json\/wp\/v2\/types\/page"}],"author":[{"embeddable":true,"href":"https:\/\/lesamisdelasaintechapelle.com\/index.php\/wp-json\/wp\/v2\/users\/1"}],"replies":[{"embeddable":true,"href":"https:\/\/lesamisdelasaintechapelle.com\/index.php\/wp-json\/wp\/v2\/comments?post=453"}],"version-history":[{"count":139,"href":"https:\/\/lesamisdelasaintechapelle.com\/index.php\/wp-json\/wp\/v2\/pages\/453\/revisions"}],"predecessor-version":[{"id":2679,"href":"https:\/\/lesamisdelasaintechapelle.com\/index.php\/wp-json\/wp\/v2\/pages\/453\/revisions\/2679"}],"up":[{"embeddable":true,"href":"https:\/\/lesamisdelasaintechapelle.com\/index.php\/wp-json\/wp\/v2\/pages\/128"}],"wp:attachment":[{"href":"https:\/\/lesamisdelasaintechapelle.com\/index.php\/wp-json\/wp\/v2\/media?parent=453"}],"wp:term":[{"taxonomy":"folder","embeddable":true,"href":"https:\/\/lesamisdelasaintechapelle.com\/index.php\/wp-json\/wp\/v2\/folder?post=453"}],"curies":[{"name":"wp","href":"https:\/\/api.w.org\/{rel}","templated":true}]}}