{"id":206,"date":"2024-03-04T20:19:39","date_gmt":"2024-03-04T19:19:39","guid":{"rendered":"https:\/\/lesamisdelasaintechapelle.com\/?page_id=206"},"modified":"2024-05-17T10:18:52","modified_gmt":"2024-05-17T08:18:52","slug":"composition-de-lorgue","status":"publish","type":"page","link":"https:\/\/lesamisdelasaintechapelle.com\/index.php\/composition-de-lorgue\/","title":{"rendered":"Composition de l&rsquo;orgue"},"content":{"rendered":"\n<h3 class=\"wp-block-heading\">COMPOSITION ACTUELLE (2015)<\/h3>\n\n\n\n<p>&#8211; Grand-orgue (1<sup>er<\/sup> clavier) 56 notes<\/p>\n\n\n\n<p>&#8211; Montre 8, Prestant 4, Doublette 2, Fourniture, Cymbale, Quinte 1 1\/3, octave1, Cornet 5r. Bourdon 8, fl\u00fbte 4, fl\u00fbte 2, Nazard 2 2\/3, Tierce 1 13\/5, Trompette 8.<\/p>\n\n\n\n<p>&#8211; Echo (2<sup>\u00e8me<\/sup> clavier) 56 notes<\/p>\n\n\n\n<p>&#8211; Bourdon 8, Fl\u00fbte 4, Doublette 2, Sesquialtera 2r., plein jeu 2r., Voix Humaine.<\/p>\n\n\n\n<p>&#8211; P\u00e9dale. 30 notes<\/p>\n\n\n\n<p>&#8211; Soubasse 16, Fl\u00fbte 8, Fl\u00fbte 4, Dou\u00e7aine 16.<\/p>\n\n\n\n<p>&#8211; Accouplement I\/II. Tirasses I et II. Tremblant g\u00e9n\u00e9ral.<\/p>\n","protected":false},"excerpt":{"rendered":"<p>COMPOSITION ACTUELLE (2015) &#8211; Grand-orgue (1er clavier) 56 notes &#8211; Montre 8, Prestant 4, Doublette 2, Fourniture, Cymbale, Quinte 1 1\/3, octave1, Cornet 5r. Bourdon 8, fl\u00fbte 4, fl\u00fbte 2, Nazard 2 2\/3, Tierce 1 13\/5, Trompette 8. &#8211; Echo (2\u00e8me clavier) 56 notes &#8211; Bourdon 8, Fl\u00fbte 4, Doublette 2, Sesquialtera 2r., plein jeu [&hellip;]<\/p>\n","protected":false},"author":1,"featured_media":0,"parent":0,"menu_order":0,"comment_status":"closed","ping_status":"closed","template":"","meta":{"_monsterinsights_skip_tracking":false,"_monsterinsights_sitenote_active":false,"_monsterinsights_sitenote_note":"","_monsterinsights_sitenote_category":0,"footnotes":""},"folder":[],"class_list":["post-206","page","type-page","status-publish","hentry"],"aioseo_notices":[],"_links":{"self":[{"href":"https:\/\/lesamisdelasaintechapelle.com\/index.php\/wp-json\/wp\/v2\/pages\/206","targetHints":{"allow":["GET"]}}],"collection":[{"href":"https:\/\/lesamisdelasaintechapelle.com\/index.php\/wp-json\/wp\/v2\/pages"}],"about":[{"href":"https:\/\/lesamisdelasaintechapelle.com\/index.php\/wp-json\/wp\/v2\/types\/page"}],"author":[{"embeddable":true,"href":"https:\/\/lesamisdelasaintechapelle.com\/index.php\/wp-json\/wp\/v2\/users\/1"}],"replies":[{"embeddable":true,"href":"https:\/\/lesamisdelasaintechapelle.com\/index.php\/wp-json\/wp\/v2\/comments?post=206"}],"version-history":[{"count":4,"href":"https:\/\/lesamisdelasaintechapelle.com\/index.php\/wp-json\/wp\/v2\/pages\/206\/revisions"}],"predecessor-version":[{"id":676,"href":"https:\/\/lesamisdelasaintechapelle.com\/index.php\/wp-json\/wp\/v2\/pages\/206\/revisions\/676"}],"wp:attachment":[{"href":"https:\/\/lesamisdelasaintechapelle.com\/index.php\/wp-json\/wp\/v2\/media?parent=206"}],"wp:term":[{"taxonomy":"folder","embeddable":true,"href":"https:\/\/lesamisdelasaintechapelle.com\/index.php\/wp-json\/wp\/v2\/folder?post=206"}],"curies":[{"name":"wp","href":"https:\/\/api.w.org\/{rel}","templated":true}]}}