{"id":2,"date":"2024-02-27T16:55:54","date_gmt":"2024-02-27T15:55:54","guid":{"rendered":"http:\/\/lesamisdelasaintechapelle.com\/?page_id=2"},"modified":"2026-03-27T17:34:37","modified_gmt":"2026-03-27T16:34:37","slug":"accueil","status":"publish","type":"page","link":"https:\/\/lesamisdelasaintechapelle.com\/","title":{"rendered":"Accueil"},"content":{"rendered":"\n<p class=\"SmallCaps has-text-color has-link-color has-x-large-font-size wp-elements-a6a1109325861fb696c46e3dfcbc46c4\" style=\"color:#16181a\"><strong>Patrimoine, Art et Musique<\/strong><\/p>\n\n\n\n<div class=\"wp-block-columns are-vertically-aligned-center hide2 is-layout-flex wp-container-core-columns-is-layout-9d6595d7 wp-block-columns-is-layout-flex\">\n<div class=\"wp-block-column is-vertically-aligned-center is-layout-flow wp-block-column-is-layout-flow\" style=\"flex-basis:30%\">\n<figure class=\"wp-block-video\"><video height=\"1920\" style=\"aspect-ratio: 1080 \/ 1920;\" width=\"1080\" autoplay controls muted src=\"http:\/\/lesamisdelasaintechapelle.com\/wp-content\/uploads\/2025\/06\/Teaser-Printemps-2025-Les-Amis-de-la-Sainte-Chapelle.mp4\" playsinline><\/video><\/figure>\n<\/div>\n\n\n\n<div class=\"wp-block-column is-vertically-aligned-center is-layout-flow wp-block-column-is-layout-flow\">\n<div class=\"wp-block-group\"><div class=\"wp-block-group__inner-container is-layout-constrained wp-block-group-is-layout-constrained\">\n<div class=\"wp-block-cover is-light\" style=\"min-height:180px;aspect-ratio:unset;\"><img loading=\"lazy\" decoding=\"async\" width=\"531\" height=\"531\" class=\"wp-block-cover__image-background wp-image-199\" alt=\"\" src=\"http:\/\/lesamisdelasaintechapelle.com\/wp-content\/uploads\/2024\/03\/plafond.sainte.chapelle-edited.jpg\" style=\"object-position:50% 95%\" data-object-fit=\"cover\" data-object-position=\"50% 95%\" srcset=\"https:\/\/lesamisdelasaintechapelle.com\/wp-content\/uploads\/2024\/03\/plafond.sainte.chapelle-edited.jpg 531w, https:\/\/lesamisdelasaintechapelle.com\/wp-content\/uploads\/2024\/03\/plafond.sainte.chapelle-edited-300x300.jpg 300w, https:\/\/lesamisdelasaintechapelle.com\/wp-content\/uploads\/2024\/03\/plafond.sainte.chapelle-edited-150x150.jpg 150w\" sizes=\"auto, (max-width: 531px) 100vw, 531px\" \/><span aria-hidden=\"true\" class=\"wp-block-cover__background has-white-background-color has-background-dim\"><\/span><div class=\"wp-block-cover__inner-container is-layout-constrained wp-block-cover-is-layout-constrained\">\n<p class=\"has-text-align-center has-black-color has-text-color has-link-color has-medium-font-size wp-elements-823cc0777d060d62264581bd60a57dec\"><em><strong>L&rsquo;association des Amis de la Sainte-Chapelle recrute !<\/strong><\/em><\/p>\n\n\n\n<p class=\"has-text-align-center\">Vous aimez la musique, vous souhaitez aider l&rsquo;association, rejoignez-nous !<\/p>\n\n\n\n<p class=\"has-text-align-center\">Faites-vous conna\u00eetre \u00e0 la fin du concert<\/p>\n<\/div><\/div>\n\n\n\n<div style=\"height:15px\" aria-hidden=\"true\" class=\"wp-block-spacer\"><\/div>\n\n\n\n<div class=\"wp-block-cover is-light\" style=\"min-height:230px;aspect-ratio:unset;\"><img loading=\"lazy\" decoding=\"async\" width=\"478\" height=\"640\" class=\"wp-block-cover__image-background wp-image-226\" alt=\"\" src=\"http:\/\/lesamisdelasaintechapelle.com\/wp-content\/uploads\/2024\/03\/detail-orgue.jpg\" style=\"object-position:48% 61%\" data-object-fit=\"cover\" data-object-position=\"48% 61%\" srcset=\"https:\/\/lesamisdelasaintechapelle.com\/wp-content\/uploads\/2024\/03\/detail-orgue.jpg 478w, https:\/\/lesamisdelasaintechapelle.com\/wp-content\/uploads\/2024\/03\/detail-orgue-224x300.jpg 224w\" sizes=\"auto, (max-width: 478px) 100vw, 478px\" \/><span aria-hidden=\"true\" class=\"wp-block-cover__background has-white-background-color has-background-dim-60 has-background-dim\"><\/span><div class=\"wp-block-cover__inner-container is-layout-constrained wp-block-cover-is-layout-constrained\">\n<p class=\"has-text-align-center has-black-color has-text-color has-link-color has-medium-font-size wp-elements-e46bc1f01c7ef3abc18bf05c12693fad\"><em><strong>Le Ch\u0153ur de la Sainte-Chapelle recrute !<\/strong><\/em><\/p>\n\n\n\n<p class=\"has-text-align-center\">Pour son concert lors du festival de printemps, le ch\u0153ur recherche des chanteuses et chanteurs, de pr\u00e9f\u00e9rence autonomes en lecture et d\u00e9chiffrage.<\/p>\n\n\n\n<p class=\"has-text-align-center\">Int\u00e9ress\u00e9.es ? <strong>\u00c9crivez-nous ici :<\/strong><\/p>\n\n\n\n<p class=\"has-text-align-center\"><strong>contact@lesamisdelasaintechapelle.com<\/strong><\/p>\n<\/div><\/div>\n<\/div><\/div>\n\n\n\n<div style=\"height:20px\" aria-hidden=\"true\" class=\"wp-block-spacer\"><\/div>\n\n\n\n<div class=\"wp-block-group hide2\"><div class=\"wp-block-group__inner-container is-layout-constrained wp-block-group-is-layout-constrained\">\n<div class=\"wp-block-cover is-light\" style=\"min-height:270px;aspect-ratio:unset;\"><img loading=\"lazy\" decoding=\"async\" width=\"1024\" height=\"768\" class=\"wp-block-cover__image-background wp-image-296 size-large\" alt=\"\" src=\"http:\/\/lesamisdelasaintechapelle.com\/wp-content\/uploads\/2024\/03\/A-la-sortie-de-la-cantate-du-cafe-1024x768.jpg\" style=\"object-position:50% 15%\" data-object-fit=\"cover\" data-object-position=\"50% 15%\" srcset=\"https:\/\/lesamisdelasaintechapelle.com\/wp-content\/uploads\/2024\/03\/A-la-sortie-de-la-cantate-du-cafe-1024x768.jpg 1024w, https:\/\/lesamisdelasaintechapelle.com\/wp-content\/uploads\/2024\/03\/A-la-sortie-de-la-cantate-du-cafe-300x225.jpg 300w, https:\/\/lesamisdelasaintechapelle.com\/wp-content\/uploads\/2024\/03\/A-la-sortie-de-la-cantate-du-cafe-768x576.jpg 768w, https:\/\/lesamisdelasaintechapelle.com\/wp-content\/uploads\/2024\/03\/A-la-sortie-de-la-cantate-du-cafe-600x450.jpg 600w, https:\/\/lesamisdelasaintechapelle.com\/wp-content\/uploads\/2024\/03\/A-la-sortie-de-la-cantate-du-cafe.jpg 1067w\" sizes=\"auto, (max-width: 1024px) 100vw, 1024px\" \/><span aria-hidden=\"true\" class=\"wp-block-cover__background has-white-background-color has-background-dim-60 has-background-dim\"><\/span><div class=\"wp-block-cover__inner-container is-layout-constrained wp-block-cover-is-layout-constrained\">\n<p class=\"has-text-align-center a-la-ligne has-black-color has-text-color has-link-color has-medium-font-size wp-elements-6eea0dc61a9058bcc63306bee3bb7cbe\"><strong>NOUVELLE FORMULE SAISON 2026-2027 : LA PAUSE CANTATE !<\/strong><\/p>\n\n\n\n<div class=\"wp-block-group\"><div class=\"wp-block-group__inner-container is-layout-constrained wp-block-group-is-layout-constrained\">\n<p class=\"has-text-align-center\">Les Pauses Cantate auront lieu le 1<sup>er<\/sup> vendredi de septembre, novembre,<\/p>\n\n\n\n<p class=\"has-text-align-center\">mars, mai et juillet de 12h30 \u00e0 13h15<\/p>\n\n\n\n<p class=\"has-text-align-center\">Concerts donn\u00e9s par l&rsquo;Ensemble de la Sainte-Chapelle tout nouvellement form\u00e9.<\/p>\n<\/div><\/div>\n\n\n\n<p class=\"has-text-align-center\"><em>~~~   Nous esp\u00e9rons vous y retrouver nombreuses et nombreux !   ~~~<\/em><\/p>\n<\/div><\/div>\n\n\n\n<div class=\"wp-block-cover aligncenter is-light\" style=\"min-height:390px;aspect-ratio:unset;\"><img loading=\"lazy\" decoding=\"async\" width=\"1024\" height=\"768\" class=\"wp-block-cover__image-background wp-image-1810 size-large\" alt=\"\" src=\"http:\/\/lesamisdelasaintechapelle.com\/wp-content\/uploads\/2025\/09\/Detail-1024x768.jpg\" style=\"object-position:50% 10%\" data-object-fit=\"cover\" data-object-position=\"50% 10%\" srcset=\"https:\/\/lesamisdelasaintechapelle.com\/wp-content\/uploads\/2025\/09\/Detail-1024x768.jpg 1024w, https:\/\/lesamisdelasaintechapelle.com\/wp-content\/uploads\/2025\/09\/Detail-300x225.jpg 300w, https:\/\/lesamisdelasaintechapelle.com\/wp-content\/uploads\/2025\/09\/Detail-768x576.jpg 768w, https:\/\/lesamisdelasaintechapelle.com\/wp-content\/uploads\/2025\/09\/Detail-1536x1152.jpg 1536w, https:\/\/lesamisdelasaintechapelle.com\/wp-content\/uploads\/2025\/09\/Detail-2048x1536.jpg 2048w, https:\/\/lesamisdelasaintechapelle.com\/wp-content\/uploads\/2025\/09\/Detail-600x450.jpg 600w\" sizes=\"auto, (max-width: 1024px) 100vw, 1024px\" \/><span aria-hidden=\"true\" class=\"wp-block-cover__background has-white-background-color has-background-dim-60 has-background-dim\"><\/span><div class=\"wp-block-cover__inner-container is-layout-constrained wp-block-cover-is-layout-constrained\">\n<p class=\"has-text-align-center has-medium-font-size\"><em><strong>Assembl\u00e9e g\u00e9n\u00e9rale<\/strong><\/em><\/p>\n\n\n\n<p class=\"has-text-align-center\">Les Amis de la Sainte-Chapelle <strong>invitent leurs adh\u00e9rents<\/strong> \u00e0 un leur assembl\u00e9e g\u00e9n\u00e9rale le Samedi 14 f\u00e9vrier 2026 de 10h \u00e0 11h30, \u00e0 la Salle du Verger (derri\u00e8re le cin\u00e9ma l&rsquo;Astr\u00e9e, \u00e0 l&rsquo;angle avec la rue Vaugelas)<\/p>\n\n\n\n<p class=\"has-text-align-center\">53 rue du Verger, 73000 Chamb\u00e9ry.<\/p>\n\n\n\n<p class=\"has-text-align-center\">Num\u00e9ro de t\u00e9l\u00e9phone \u00e0 contacter au besoin : 07 83 39 87 32<\/p>\n\n\n\n<div style=\"height:30px\" aria-hidden=\"true\" class=\"wp-block-spacer\"><\/div>\n\n\n\n<p class=\"has-text-align-center\">Vous n&rsquo;\u00eates pas encore adh\u00e9rent ? Vous souhaitez rejoindre l&rsquo;association ? C&rsquo;est possible ! Il vous suffit d&rsquo;\u00e9crire \u00e0 <strong>contact@lesamisdelasaintechapelle.com<\/strong>&nbsp;pour vous annoncer.<\/p>\n<\/div><\/div>\n<\/div><\/div>\n<\/div>\n<\/div>\n\n\n\n<div class=\"wp-block-columns are-vertically-aligned-center is-layout-flex wp-container-core-columns-is-layout-9d6595d7 wp-block-columns-is-layout-flex\">\n<div class=\"wp-block-column is-vertically-aligned-center is-layout-flow wp-block-column-is-layout-flow\">\n<div class=\"wp-block-cover is-light\" style=\"min-height:265px;aspect-ratio:unset;\"><img loading=\"lazy\" decoding=\"async\" width=\"531\" height=\"531\" class=\"wp-block-cover__image-background wp-image-199\" alt=\"\" src=\"http:\/\/lesamisdelasaintechapelle.com\/wp-content\/uploads\/2024\/03\/plafond.sainte.chapelle-edited.jpg\" style=\"object-position:50% 95%\" data-object-fit=\"cover\" data-object-position=\"50% 95%\" srcset=\"https:\/\/lesamisdelasaintechapelle.com\/wp-content\/uploads\/2024\/03\/plafond.sainte.chapelle-edited.jpg 531w, https:\/\/lesamisdelasaintechapelle.com\/wp-content\/uploads\/2024\/03\/plafond.sainte.chapelle-edited-300x300.jpg 300w, https:\/\/lesamisdelasaintechapelle.com\/wp-content\/uploads\/2024\/03\/plafond.sainte.chapelle-edited-150x150.jpg 150w\" sizes=\"auto, (max-width: 531px) 100vw, 531px\" \/><span aria-hidden=\"true\" class=\"wp-block-cover__background has-white-background-color has-background-dim\"><\/span><div class=\"wp-block-cover__inner-container is-layout-constrained wp-block-cover-is-layout-constrained\">\n<p class=\"has-text-align-center has-black-color has-text-color has-link-color has-medium-font-size wp-elements-823cc0777d060d62264581bd60a57dec\"><em><strong>L&rsquo;association des Amis de la Sainte-Chapelle recrute !<\/strong><\/em><\/p>\n\n\n\n<p class=\"has-text-align-center\">Vous aimez la musique, vous souhaitez aider l&rsquo;association, rejoignez-nous !<\/p>\n\n\n\n<p class=\"has-text-align-center\">Faites-vous conna\u00eetre \u00e0 la fin du concert<\/p>\n<\/div><\/div>\n<\/div>\n\n\n\n<div class=\"wp-block-column is-vertically-aligned-center is-layout-flow wp-block-column-is-layout-flow\">\n<div class=\"wp-block-cover is-light\" style=\"min-height:265px;aspect-ratio:unset;\"><img loading=\"lazy\" decoding=\"async\" width=\"478\" height=\"640\" class=\"wp-block-cover__image-background wp-image-226\" alt=\"\" src=\"http:\/\/lesamisdelasaintechapelle.com\/wp-content\/uploads\/2024\/03\/detail-orgue.jpg\" style=\"object-position:48% 61%\" data-object-fit=\"cover\" data-object-position=\"48% 61%\" srcset=\"https:\/\/lesamisdelasaintechapelle.com\/wp-content\/uploads\/2024\/03\/detail-orgue.jpg 478w, https:\/\/lesamisdelasaintechapelle.com\/wp-content\/uploads\/2024\/03\/detail-orgue-224x300.jpg 224w\" sizes=\"auto, (max-width: 478px) 100vw, 478px\" \/><span aria-hidden=\"true\" class=\"wp-block-cover__background has-white-background-color has-background-dim-60 has-background-dim\"><\/span><div class=\"wp-block-cover__inner-container is-layout-constrained wp-block-cover-is-layout-constrained\">\n<p class=\"has-text-align-center has-black-color has-text-color has-link-color has-medium-font-size wp-elements-e46bc1f01c7ef3abc18bf05c12693fad\"><em><strong>Le Ch\u0153ur de la Sainte-Chapelle recrute !<\/strong><\/em><\/p>\n\n\n\n<p class=\"has-text-align-center\">Pour son concert lors du festival \u00e0 venir, le ch\u0153ur recherche des chanteuses et chanteurs, de pr\u00e9f\u00e9rence autonomes en lecture et d\u00e9chiffrage.<\/p>\n\n\n\n<p class=\"has-text-align-center\">Int\u00e9ress\u00e9.es ? <strong>\u00c9crivez-nous ici :<\/strong><\/p>\n\n\n\n<p class=\"has-text-align-center\"><strong>contact@lesamisdelasaintechapelle.com<\/strong><\/p>\n<\/div><\/div>\n<\/div>\n<\/div>\n\n\n\n<div class=\"wp-block-buttons is-content-justification-center is-layout-flex wp-container-core-buttons-is-layout-5590e8cb wp-block-buttons-is-layout-flex\">\n<div class=\"wp-block-button is-style-outline is-style-outline--1\"><a class=\"wp-block-button__link has-text-color has-link-color has-text-align-center wp-element-button\" href=\"https:\/\/lesamisdelasaintechapelle.com\/index.php\/nous-rejoindre-contact\/\" style=\"border-radius:0px;color:#ff956c\" target=\"_blank\" rel=\"noreferrer noopener\">NOUS REJOINDRE \/ CONTACT<\/a><\/div>\n\n\n\n<div class=\"wp-block-button is-style-outline is-style-outline--2\"><a class=\"wp-block-button__link has-text-color has-link-color has-text-align-center wp-element-button\" href=\"http:\/\/lesamisdelasaintechapelle.com\/wp-content\/uploads\/2026\/01\/Bulletin-dadhesion-2026.pdf\" style=\"border-radius:0px;color:#ff956c\" target=\"_blank\" rel=\"noreferrer noopener\">BULLETIN D\u2019ADH\u00c9SION<\/a><\/div>\n\n\n\n<div class=\"wp-block-button is-style-outline is-style-outline--3\"><a class=\"wp-block-button__link has-text-color has-link-color has-text-align-center wp-element-button\" href=\"https:\/\/www.billetweb.fr\/pro\/ste-chapelle-chambery\" style=\"border-radius:0px;color:#ff956c\" target=\"_blank\" rel=\"noreferrer noopener\">BILLETTERIE | R\u00c9SERVATION<\/a><\/div>\n<\/div>\n\n\n\n<hr class=\"wp-block-separator has-text-color has-alpha-channel-opacity has-background is-style-wide gros-separateur\" style=\"background-color:#1fdbd7;color:#1fdbd7\"\/>\n\n\n\n<h2 class=\"wp-block-heading\">FESTIVAL DE PRINTEMPS 2026<\/h2>\n\n\n\n<div class=\"wp-block-columns hide2 is-layout-flex wp-container-core-columns-is-layout-9d6595d7 wp-block-columns-is-layout-flex\">\n<div class=\"wp-block-column is-layout-flow wp-block-column-is-layout-flow\">\n<p class=\"has-text-align-center GOUDOSI\" style=\"font-size:25px\">Les Nuits de la Sainte-Chapelle<\/p>\n\n\n\n<p class=\"has-text-align-center\">Les Amis de la Sainte-Chapelle<\/p>\n\n\n\n<p class=\"has-text-align-center\">vous proposent le prochain festival de printemps du 31 mai au 14 juin 2026 \u00e0 la Sainte-Chapelle du Ch\u00e2teau des Ducs de Savoie<\/p>\n\n\n\n<p class=\"has-text-align-center\">entr\u00e9e par la grille place du ch\u00e2teau (statue des fr\u00e8res de Maistre)<\/p>\n\n\n\n<hr class=\"wp-block-separator has-text-color has-alpha-channel-opacity has-background\" style=\"background-color:#ff956c;color:#ff956c\"\/>\n\n\n\n<p class=\"has-text-align-center\"><strong>Page en cours de mise \u00e0 jour<\/strong><\/p>\n<\/div>\n<\/div>\n\n\n\n<div class=\"wp-block-columns is-layout-flex wp-container-core-columns-is-layout-9d6595d7 wp-block-columns-is-layout-flex\">\n<div class=\"wp-block-column is-layout-flow wp-block-column-is-layout-flow\" style=\"flex-basis:25%\">\n<figure class=\"wp-block-image size-large\"><img loading=\"lazy\" decoding=\"async\" width=\"724\" height=\"1024\" src=\"http:\/\/lesamisdelasaintechapelle.com\/wp-content\/uploads\/2026\/03\/Affiche-Printemps-2026-724x1024.jpg\" alt=\"\" class=\"wp-image-2433\" srcset=\"https:\/\/lesamisdelasaintechapelle.com\/wp-content\/uploads\/2026\/03\/Affiche-Printemps-2026-724x1024.jpg 724w, https:\/\/lesamisdelasaintechapelle.com\/wp-content\/uploads\/2026\/03\/Affiche-Printemps-2026-212x300.jpg 212w, https:\/\/lesamisdelasaintechapelle.com\/wp-content\/uploads\/2026\/03\/Affiche-Printemps-2026-768x1086.jpg 768w, https:\/\/lesamisdelasaintechapelle.com\/wp-content\/uploads\/2026\/03\/Affiche-Printemps-2026-1086x1536.jpg 1086w, https:\/\/lesamisdelasaintechapelle.com\/wp-content\/uploads\/2026\/03\/Affiche-Printemps-2026-1448x2048.jpg 1448w, https:\/\/lesamisdelasaintechapelle.com\/wp-content\/uploads\/2026\/03\/Affiche-Printemps-2026-600x849.jpg 600w, https:\/\/lesamisdelasaintechapelle.com\/wp-content\/uploads\/2026\/03\/Affiche-Printemps-2026-scaled.jpg 1810w\" sizes=\"auto, (max-width: 724px) 100vw, 724px\" \/><\/figure>\n<\/div>\n\n\n\n<div class=\"wp-block-column is-layout-flow wp-block-column-is-layout-flow\">\n<p class=\"has-text-align-center GOUDOSI\" style=\"font-size:25px\">Les Nuits de la Sainte-Chapelle<\/p>\n\n\n\n<p class=\"has-text-align-center\">Les Amis de la Sainte-Chapelle vous proposent le prochain festival de printemps du 31 mai au 14 juin 2026 \u00e0 la Sainte-Chapelle du Ch\u00e2teau des Ducs de Savoie (entr\u00e9e par la grille place du ch\u00e2teau, statue des fr\u00e8res de Maistre), ainsi qu&rsquo;\u00e0 l\u2019\u00c9glise Saint-Pierre de Mach\u00e9 <a href=\"https:\/\/lesamisdelasaintechapelle.com\/index.php\/acces-concerts\/#plans\" target=\"_blank\" rel=\"noopener\" title=\"\">(plans)<\/a><\/p>\n\n\n\n<hr class=\"wp-block-separator has-text-color has-alpha-channel-opacity has-background\" style=\"background-color:#ff956c;color:#ff956c\"\/>\n\n\n\n<p class=\"has-text-align-center a-la-ligne\"><\/p>\n\n\n\n<div class=\"wp-block-group a-la-ligne\"><div class=\"wp-block-group__inner-container is-layout-constrained wp-block-group-is-layout-constrained\">\n<p class=\"has-text-align-center\"><strong>L&rsquo;\u00e9cho des sph\u00e8res \/ Musique en Savoie \/ Plumes au clair de lune<\/strong><\/p>\n\n\n\n<p class=\"has-text-align-center\"><strong>Nocturne chez les M\u00e9dicis \/ Abendmusik \/ Dufay \u00e0 la nuit des temps<\/strong><\/p>\n<\/div><\/div>\n\n\n\n<div class=\"wp-block-buttons is-layout-flex wp-block-buttons-is-layout-flex\">\n<div class=\"wp-block-button has-custom-width wp-block-button__width-100 is-style-outline is-style-outline--4\"><a class=\"wp-block-button__link has-text-color has-link-color wp-element-button\" href=\"https:\/\/lesamisdelasaintechapelle.com\/index.php\/programmation\/\" style=\"border-radius:0px;color:#f8976e\">ALLER \u00c0 LA PROGRAMMATION<\/a><\/div>\n<\/div>\n<\/div>\n<\/div>\n\n\n\n<div class=\"wp-block-group\"><div class=\"wp-block-group__inner-container is-layout-constrained wp-block-group-is-layout-constrained\">\n<hr class=\"wp-block-separator has-alpha-channel-opacity is-style-wide\"\/>\n\n\n\n<h6 class=\"wp-block-heading\">TARIFS<\/h6>\n\n\n\n<div class=\"wp-block-columns are-vertically-aligned-center is-layout-flex wp-container-core-columns-is-layout-9d6595d7 wp-block-columns-is-layout-flex\">\n<div class=\"wp-block-column is-vertically-aligned-center is-layout-flow wp-block-column-is-layout-flow\" style=\"flex-basis:55%\">\n<ul class=\"wp-block-list\">\n<li>Moins de 12 ans : gratuit<\/li>\n\n\n\n<li>Enfants de 13 \u00e0 18 ans : 10\u20ac<\/li>\n\n\n\n<li>Tarif r\u00e9duit (\u00e9tudiants et demandeurs d&#8217;emploi) : 10\u20ac<\/li>\n\n\n\n<li>Tarif adh\u00e9rent : 10\u20ac<\/li>\n\n\n\n<li>Plein tarif non-adh\u00e9rent : 20\u20ac<\/li>\n<\/ul>\n\n\n\n<p><\/p>\n\n\n\n<ul class=\"wp-block-list\">\n<li>Tarif passe-concert (pour 3 concerts au choix) : 50\u20ac<\/li>\n\n\n\n<li>Professeur.es de la Cit\u00e9 des Arts : 15\u20ac<\/li>\n<\/ul>\n\n\n\n<p><\/p>\n\n\n\n<p>Audition d&rsquo;orgue \u00ab\u00a0Abendmusik\u00a0\u00bb et concert de fin de masterclasse \u00ab\u00a0Dufay \u00e0 la nuit des temps\u00a0\u00bb, gratuits<\/p>\n\n\n\n<p>Adh\u00e9sion association : 15\u20ac<\/p>\n<\/div>\n\n\n\n<div class=\"wp-block-column is-vertically-aligned-center is-layout-flow wp-block-column-is-layout-flow\">\n<div class=\"wp-block-buttons is-vertical is-content-justification-center is-layout-flex wp-container-core-buttons-is-layout-9a7cdcfd wp-block-buttons-is-layout-flex\">\n<div class=\"wp-block-button has-custom-width wp-block-button__width-75 is-style-outline is-style-outline--5\"><a class=\"wp-block-button__link has-text-color has-link-color has-text-align-center wp-element-button\" href=\"https:\/\/www.billetweb.fr\/festival-de-printemps-2026\" style=\"border-radius:0px;color:#ff956c\" target=\"_blank\" rel=\"noreferrer noopener\">BILLETTERIE | R\u00c9SERVATION<\/a><\/div>\n<\/div>\n\n\n\n<div style=\"height:10px\" aria-hidden=\"true\" class=\"wp-block-spacer\"><\/div>\n\n\n\n<div class=\"wp-block-group a-la-ligne\"><div class=\"wp-block-group__inner-container is-layout-constrained wp-block-group-is-layout-constrained\">\n<p class=\"has-text-align-center\">R\u00e9servation possible \u00e0 :<\/p>\n\n\n\n<p class=\"has-text-align-center\">contact@lesamisdelasaintechapelle.com<\/p>\n\n\n\n<p class=\"has-text-align-center\">06 14 31 66 71<\/p>\n<\/div><\/div>\n<\/div>\n<\/div>\n\n\n\n<div class=\"wp-block-columns are-vertically-aligned-center hide2 is-layout-flex wp-container-core-columns-is-layout-9d6595d7 wp-block-columns-is-layout-flex\">\n<div class=\"wp-block-column is-vertically-aligned-center is-layout-flow wp-block-column-is-layout-flow\" style=\"flex-basis:66.66%\">\n<div class=\"wp-block-buttons is-content-justification-center is-layout-flex wp-container-core-buttons-is-layout-16018d1d wp-block-buttons-is-layout-flex\">\n<div class=\"wp-block-button is-style-outline is-style-outline--6\"><a class=\"wp-block-button__link has-text-color has-link-color has-text-align-center wp-element-button\" href=\"https:\/\/www.billetweb.fr\/festival-de-printemps-2026\" style=\"border-radius:0px;color:#ff956c\" target=\"_blank\" rel=\"noreferrer noopener\">BILLETTERIE | R\u00c9SERVATION<\/a><\/div>\n<\/div>\n<\/div>\n\n\n\n<div class=\"wp-block-column is-vertically-aligned-center is-layout-flow wp-block-column-is-layout-flow\" style=\"flex-basis:33.33%\">\n<div class=\"wp-block-group a-la-ligne\"><div class=\"wp-block-group__inner-container is-layout-constrained wp-block-group-is-layout-constrained\">\n<p class=\"has-text-align-center\">R\u00e9servation possible \u00e0 :<\/p>\n\n\n\n<p class=\"has-text-align-center\">contact@lesamisdelasaintechapelle.com<\/p>\n\n\n\n<p class=\"has-text-align-center\">06 14 31 66 71<\/p>\n<\/div><\/div>\n<\/div>\n<\/div>\n<\/div><\/div>\n\n\n\n<div class=\"wp-block-group hide2\"><div class=\"wp-block-group__inner-container is-layout-constrained wp-block-group-is-layout-constrained\">\n<hr class=\"wp-block-separator has-alpha-channel-opacity is-style-wide\"\/>\n\n\n\n<h6 class=\"wp-block-heading\">LES ARTISTES<\/h6>\n\n\n\n<div class=\"wp-block-group has-background is-vertical is-content-justification-center is-layout-flex wp-container-core-group-is-layout-48c2c4f0 wp-block-group-is-layout-flex\" style=\"background-color:#efe2cf\">\n<p class=\"has-text-align-center\">Nom du fichier : Trombinoscope Automne 2025<\/p>\n\n\n\n<p class=\"has-text-align-center has-small-font-size\">Taille : 1,81 Mo<\/p>\n\n\n\n<div class=\"wp-block-file\"><a id=\"wp-block-file--media-02dddec7-ae32-41de-b6e7-5deb3b2ef7a5\" href=\"http:\/\/lesamisdelasaintechapelle.com\/wp-content\/uploads\/2025\/08\/Trombinoscope-Automne-2025.jpg\" target=\"_blank\" rel=\"noreferrer noopener\">Aper\u00e7u<\/a><a href=\"http:\/\/lesamisdelasaintechapelle.com\/wp-content\/uploads\/2025\/08\/Trombinoscope-Automne-2025.jpg\" class=\"wp-block-file__button wp-element-button\" download aria-describedby=\"wp-block-file--media-02dddec7-ae32-41de-b6e7-5deb3b2ef7a5\">T\u00e9l\u00e9charger<\/a><\/div>\n<\/div>\n<\/div><\/div>\n\n\n\n<p><\/p>\n","protected":false},"excerpt":{"rendered":"<p>Patrimoine, Art et Musique FESTIVAL DE PRINTEMPS 2026 Les Nuits de la Sainte-Chapelle Les Amis de la Sainte-Chapelle vous proposent le prochain festival de printemps du 31 mai au 14 juin 2026 \u00e0 la Sainte-Chapelle du Ch\u00e2teau des Ducs de Savoie entr\u00e9e par la grille place du ch\u00e2teau (statue des fr\u00e8res de Maistre) Page en [&hellip;]<\/p>\n","protected":false},"author":1,"featured_media":0,"parent":0,"menu_order":0,"comment_status":"closed","ping_status":"closed","template":"","meta":{"_monsterinsights_skip_tracking":false,"_monsterinsights_sitenote_active":false,"_monsterinsights_sitenote_note":"","_monsterinsights_sitenote_category":0,"footnotes":""},"folder":[],"class_list":["post-2","page","type-page","status-publish","hentry"],"aioseo_notices":[],"_links":{"self":[{"href":"https:\/\/lesamisdelasaintechapelle.com\/index.php\/wp-json\/wp\/v2\/pages\/2","targetHints":{"allow":["GET"]}}],"collection":[{"href":"https:\/\/lesamisdelasaintechapelle.com\/index.php\/wp-json\/wp\/v2\/pages"}],"about":[{"href":"https:\/\/lesamisdelasaintechapelle.com\/index.php\/wp-json\/wp\/v2\/types\/page"}],"author":[{"embeddable":true,"href":"https:\/\/lesamisdelasaintechapelle.com\/index.php\/wp-json\/wp\/v2\/users\/1"}],"replies":[{"embeddable":true,"href":"https:\/\/lesamisdelasaintechapelle.com\/index.php\/wp-json\/wp\/v2\/comments?post=2"}],"version-history":[{"count":302,"href":"https:\/\/lesamisdelasaintechapelle.com\/index.php\/wp-json\/wp\/v2\/pages\/2\/revisions"}],"predecessor-version":[{"id":2653,"href":"https:\/\/lesamisdelasaintechapelle.com\/index.php\/wp-json\/wp\/v2\/pages\/2\/revisions\/2653"}],"wp:attachment":[{"href":"https:\/\/lesamisdelasaintechapelle.com\/index.php\/wp-json\/wp\/v2\/media?parent=2"}],"wp:term":[{"taxonomy":"folder","embeddable":true,"href":"https:\/\/lesamisdelasaintechapelle.com\/index.php\/wp-json\/wp\/v2\/folder?post=2"}],"curies":[{"name":"wp","href":"https:\/\/api.w.org\/{rel}","templated":true}]}}