{"id":173,"date":"2024-03-04T19:26:00","date_gmt":"2024-03-04T18:26:00","guid":{"rendered":"https:\/\/lesamisdelasaintechapelle.com\/?page_id=173"},"modified":"2026-02-01T12:21:18","modified_gmt":"2026-02-01T11:21:18","slug":"le-conseil-dadministration","status":"publish","type":"page","link":"https:\/\/lesamisdelasaintechapelle.com\/index.php\/le-conseil-dadministration\/","title":{"rendered":"Le conseil d&rsquo;administration"},"content":{"rendered":"\n<p>Le Conseil d&rsquo;Administration est \u00e9lu tous les ans par les adh\u00e9rents lors de l&rsquo;assembl\u00e9e g\u00e9n\u00e9rale.<\/p>\n\n\n\n<p>La derni\u00e8re assembl\u00e9e g\u00e9n\u00e9rale a eu lieu le 18 janvier 2025<\/p>\n\n\n\n<div class=\"wp-block-group hide2\"><div class=\"wp-block-group__inner-container is-layout-constrained wp-block-group-is-layout-constrained\">\n<p>La derni\u00e8re assembl\u00e9e g\u00e9n\u00e9rale a eu lieu le 18 janvier 2025 : <a href=\"http:\/\/lesamisdelasaintechapelle.com\/wp-content\/uploads\/2024\/03\/compte-rendu-ag-2023.pdf\" target=\"_blank\" rel=\"noopener\" title=\"\">Compte rendu AG 2023<\/a><\/p>\n<\/div><\/div>\n\n\n\n<p>N\u00b0 SIRET : 39365158300014<\/p>\n\n\n\n<p>Licences 2-1067742 et 3-1067743<\/p>\n\n\n\n<p>Adresse mail g\u00e9n\u00e9rale : contact@lesamisdelasaintechapelle.com<\/p>\n\n\n\n<h3 class=\"wp-block-heading\">MEMBRES DU BUREAU<\/h3>\n\n\n\n<div class=\"wp-block-columns is-layout-flex wp-container-core-columns-is-layout-9d6595d7 wp-block-columns-is-layout-flex\">\n<div class=\"wp-block-column is-layout-flow wp-block-column-is-layout-flow\"><div class=\"wp-block-image is-style-rounded\">\n<figure class=\"aligncenter size-large\"><img loading=\"lazy\" decoding=\"async\" width=\"1024\" height=\"1024\" src=\"http:\/\/lesamisdelasaintechapelle.com\/wp-content\/uploads\/2024\/03\/Gaele-Griffon-du-Bellay-1-1024x1024.png\" alt=\"\" class=\"wp-image-241\" srcset=\"https:\/\/lesamisdelasaintechapelle.com\/wp-content\/uploads\/2024\/03\/Gaele-Griffon-du-Bellay-1-1024x1024.png 1024w, https:\/\/lesamisdelasaintechapelle.com\/wp-content\/uploads\/2024\/03\/Gaele-Griffon-du-Bellay-1-300x300.png 300w, https:\/\/lesamisdelasaintechapelle.com\/wp-content\/uploads\/2024\/03\/Gaele-Griffon-du-Bellay-1-150x150.png 150w, https:\/\/lesamisdelasaintechapelle.com\/wp-content\/uploads\/2024\/03\/Gaele-Griffon-du-Bellay-1-768x768.png 768w, https:\/\/lesamisdelasaintechapelle.com\/wp-content\/uploads\/2024\/03\/Gaele-Griffon-du-Bellay-1-1536x1536.png 1536w, https:\/\/lesamisdelasaintechapelle.com\/wp-content\/uploads\/2024\/03\/Gaele-Griffon-du-Bellay-1-2048x2048.png 2048w, https:\/\/lesamisdelasaintechapelle.com\/wp-content\/uploads\/2024\/03\/Gaele-Griffon-du-Bellay-1-600x600.png 600w\" sizes=\"auto, (max-width: 1024px) 100vw, 1024px\" \/><\/figure>\n<\/div>\n\n\n<p class=\"has-text-align-center\">Ga\u00eblle Griffon du Bellay<\/p>\n\n\n\n<p class=\"has-text-align-center\">Pr\u00e9sidente et directrice artistique<\/p>\n\n\n\n<div class=\"wp-block-group a-la-ligne\"><div class=\"wp-block-group__inner-container is-layout-constrained wp-block-group-is-layout-constrained\">\n<p class=\"has-text-align-center\">T\u00e9l. 04 57 08 49 70<\/p>\n<\/div><\/div>\n\n\n\n<div class=\"wp-block-group a-la-ligne\"><div class=\"wp-block-group__inner-container is-layout-constrained wp-block-group-is-layout-constrained\">\n<p class=\"has-text-align-center\">direction@lesamisdela<\/p>\n\n\n\n<p class=\"has-text-align-center\">saintechapelle.com<\/p>\n<\/div><\/div>\n<\/div>\n\n\n\n<div class=\"wp-block-column is-layout-flow wp-block-column-is-layout-flow\"><div class=\"wp-block-image is-style-rounded\">\n<figure class=\"aligncenter size-full\"><img loading=\"lazy\" decoding=\"async\" width=\"600\" height=\"800\" src=\"http:\/\/lesamisdelasaintechapelle.com\/wp-content\/uploads\/2024\/03\/rideau.jpg\" alt=\"\" class=\"wp-image-191\" style=\"aspect-ratio:1;object-fit:cover\" srcset=\"https:\/\/lesamisdelasaintechapelle.com\/wp-content\/uploads\/2024\/03\/rideau.jpg 600w, https:\/\/lesamisdelasaintechapelle.com\/wp-content\/uploads\/2024\/03\/rideau-225x300.jpg 225w\" sizes=\"auto, (max-width: 600px) 100vw, 600px\" \/><\/figure>\n<\/div>\n\n\n<p class=\"has-text-align-center\">Claire Prost-Descourvi\u00e8res<\/p>\n\n\n\n<div class=\"wp-block-group a-la-ligne\"><div class=\"wp-block-group__inner-container is-layout-constrained wp-block-group-is-layout-constrained\">\n<p class=\"has-text-align-center\">Secr\u00e9taire par int\u00e9rim,<\/p>\n\n\n\n<p class=\"has-text-align-center\">communication, diffusion<\/p>\n<\/div><\/div>\n\n\n\n<div class=\"wp-block-group a-la-ligne\"><div class=\"wp-block-group__inner-container is-layout-constrained wp-block-group-is-layout-constrained\">\n<p class=\"has-text-align-center\">secretariat@lesamisdela<\/p>\n\n\n\n<p class=\"has-text-align-center\">saintechapelle.com<\/p>\n<\/div><\/div>\n<\/div>\n\n\n\n<div class=\"wp-block-column is-layout-flow wp-block-column-is-layout-flow\"><div class=\"wp-block-image is-style-rounded\">\n<figure class=\"aligncenter size-full\"><img loading=\"lazy\" decoding=\"async\" width=\"531\" height=\"800\" src=\"http:\/\/lesamisdelasaintechapelle.com\/wp-content\/uploads\/2024\/03\/plafond.sainte.chapelle.jpg\" alt=\"\" class=\"wp-image-198\" style=\"aspect-ratio:1;object-fit:cover\" srcset=\"https:\/\/lesamisdelasaintechapelle.com\/wp-content\/uploads\/2024\/03\/plafond.sainte.chapelle.jpg 531w, https:\/\/lesamisdelasaintechapelle.com\/wp-content\/uploads\/2024\/03\/plafond.sainte.chapelle-199x300.jpg 199w\" sizes=\"auto, (max-width: 531px) 100vw, 531px\" \/><\/figure>\n<\/div>\n\n\n<p class=\"has-text-align-center\">Marianne Mas<\/p>\n\n\n\n<p class=\"has-text-align-center\">Tr\u00e9sori\u00e8re<\/p>\n\n\n\n<div class=\"wp-block-group a-la-ligne\"><div class=\"wp-block-group__inner-container is-layout-constrained wp-block-group-is-layout-constrained\">\n<p class=\"has-text-align-center\">tresorerie@lesamisdela<\/p>\n\n\n\n<p class=\"has-text-align-center\">saintechapelle.com<\/p>\n<\/div><\/div>\n<\/div>\n<\/div>\n\n\n\n<hr class=\"wp-block-separator has-text-color has-alpha-channel-opacity has-background is-style-wide\" style=\"background-color:#41c7c0;color:#41c7c0\"\/>\n\n\n\n<h3 class=\"wp-block-heading\">B\u00c9N\u00c9VOLES<\/h3>\n\n\n\n<div class=\"wp-block-columns are-vertically-aligned-center is-layout-flex wp-container-core-columns-is-layout-9d6595d7 wp-block-columns-is-layout-flex\">\n<div class=\"wp-block-column is-vertically-aligned-center is-layout-flow wp-block-column-is-layout-flow\">\n<p class=\"has-text-align-center\">Pierrette Goueslain<\/p>\n\n\n\n<p class=\"has-text-align-center\">R\u00e9dactrice de la communication<\/p>\n\n\n\n<div class=\"wp-block-group a-la-ligne\"><div class=\"wp-block-group__inner-container is-layout-constrained wp-block-group-is-layout-constrained\">\n<p class=\"has-text-align-center\">communication@lesamisdela<\/p>\n\n\n\n<p class=\"has-text-align-center\">saintechapelle.com<\/p>\n<\/div><\/div>\n<\/div>\n\n\n\n<div class=\"wp-block-column is-vertically-aligned-center is-layout-flow wp-block-column-is-layout-flow\">\n<p class=\"has-text-align-center\">Johan Level<\/p>\n\n\n\n<p class=\"has-text-align-center\">Vice-Pr\u00e9sident<\/p>\n<\/div>\n\n\n\n<div class=\"wp-block-column is-vertically-aligned-center is-layout-flow wp-block-column-is-layout-flow\">\n<p class=\"has-text-align-center\">Muriel Nauche-Groz<\/p>\n\n\n\n<p class=\"has-text-align-center\">Communication, page Facebook<\/p>\n<\/div>\n<\/div>\n\n\n\n<div class=\"wp-block-columns are-vertically-aligned-center is-layout-flex wp-container-core-columns-is-layout-9d6595d7 wp-block-columns-is-layout-flex\">\n<div class=\"wp-block-column is-vertically-aligned-center is-layout-flow wp-block-column-is-layout-flow\">\n<p class=\"has-text-align-center\">Chantal George<\/p>\n\n\n\n<p class=\"has-text-align-center\">Partenariat avec l&rsquo;Office du Tourisme<\/p>\n<\/div>\n\n\n\n<div class=\"wp-block-column is-vertically-aligned-center is-layout-flow wp-block-column-is-layout-flow\">\n<p class=\"has-text-align-center\">Marin Duvernois<\/p>\n\n\n\n<p class=\"has-text-align-center\">Site internet<\/p>\n<\/div>\n\n\n\n<div class=\"wp-block-column is-vertically-aligned-center is-layout-flow wp-block-column-is-layout-flow\">\n<p class=\"has-text-align-center\">Daniel Scheer<\/p>\n\n\n\n<p class=\"has-text-align-center\">Membre d&rsquo;honneur<\/p>\n<\/div>\n\n\n\n<div class=\"wp-block-column is-vertically-aligned-center is-layout-flow wp-block-column-is-layout-flow\">\n<p class=\"has-text-align-center\">Pierre Rebaud<\/p>\n\n\n\n<p class=\"has-text-align-center\">Membre d&rsquo;honneur<\/p>\n<\/div>\n<\/div>\n\n\n\n<p><\/p>\n","protected":false},"excerpt":{"rendered":"<p>Le Conseil d&rsquo;Administration est \u00e9lu tous les ans par les adh\u00e9rents lors de l&rsquo;assembl\u00e9e g\u00e9n\u00e9rale. La derni\u00e8re assembl\u00e9e g\u00e9n\u00e9rale a eu lieu le 18 janvier 2025 La derni\u00e8re assembl\u00e9e g\u00e9n\u00e9rale a eu lieu le 18 janvier 2025 : Compte rendu AG 2023 N\u00b0 SIRET : 39365158300014 Licences 2-1067742 et 3-1067743 Adresse mail g\u00e9n\u00e9rale : contact@lesamisdelasaintechapelle.com [&hellip;]<\/p>\n","protected":false},"author":1,"featured_media":0,"parent":0,"menu_order":0,"comment_status":"closed","ping_status":"closed","template":"","meta":{"_monsterinsights_skip_tracking":false,"_monsterinsights_sitenote_active":false,"_monsterinsights_sitenote_note":"","_monsterinsights_sitenote_category":0,"footnotes":""},"folder":[],"class_list":["post-173","page","type-page","status-publish","hentry"],"aioseo_notices":[],"_links":{"self":[{"href":"https:\/\/lesamisdelasaintechapelle.com\/index.php\/wp-json\/wp\/v2\/pages\/173","targetHints":{"allow":["GET"]}}],"collection":[{"href":"https:\/\/lesamisdelasaintechapelle.com\/index.php\/wp-json\/wp\/v2\/pages"}],"about":[{"href":"https:\/\/lesamisdelasaintechapelle.com\/index.php\/wp-json\/wp\/v2\/types\/page"}],"author":[{"embeddable":true,"href":"https:\/\/lesamisdelasaintechapelle.com\/index.php\/wp-json\/wp\/v2\/users\/1"}],"replies":[{"embeddable":true,"href":"https:\/\/lesamisdelasaintechapelle.com\/index.php\/wp-json\/wp\/v2\/comments?post=173"}],"version-history":[{"count":33,"href":"https:\/\/lesamisdelasaintechapelle.com\/index.php\/wp-json\/wp\/v2\/pages\/173\/revisions"}],"predecessor-version":[{"id":2145,"href":"https:\/\/lesamisdelasaintechapelle.com\/index.php\/wp-json\/wp\/v2\/pages\/173\/revisions\/2145"}],"wp:attachment":[{"href":"https:\/\/lesamisdelasaintechapelle.com\/index.php\/wp-json\/wp\/v2\/media?parent=173"}],"wp:term":[{"taxonomy":"folder","embeddable":true,"href":"https:\/\/lesamisdelasaintechapelle.com\/index.php\/wp-json\/wp\/v2\/folder?post=173"}],"curies":[{"name":"wp","href":"https:\/\/api.w.org\/{rel}","templated":true}]}}