{"id":134,"date":"2024-03-04T18:35:04","date_gmt":"2024-03-04T17:35:04","guid":{"rendered":"https:\/\/lesamisdelasaintechapelle.com\/?page_id=134"},"modified":"2026-03-27T16:08:25","modified_gmt":"2026-03-27T15:08:25","slug":"acces-concerts","status":"publish","type":"page","link":"https:\/\/lesamisdelasaintechapelle.com\/index.php\/acces-concerts\/","title":{"rendered":"Acc\u00e8s concerts"},"content":{"rendered":"\n<h3 class=\"wp-block-heading\">ACC\u00c8S \/ ACC\u00c8S MOBILIT\u00c9 R\u00c9DUITE \/ BILLETTERIE<\/h3>\n\n\n\n<div class=\"wp-block-columns is-layout-flex wp-container-core-columns-is-layout-9d6595d7 wp-block-columns-is-layout-flex\">\n<div class=\"wp-block-column is-layout-flow wp-block-column-is-layout-flow\" style=\"flex-basis:40%\">\n<figure class=\"wp-block-image size-full\"><img loading=\"lazy\" decoding=\"async\" width=\"967\" height=\"585\" src=\"https:\/\/lesamisdelasaintechapelle.com\/wp-content\/uploads\/2024\/03\/photos-olivier-octobre-2015-1-.jpg\" alt=\"\" class=\"wp-image-138\" srcset=\"https:\/\/lesamisdelasaintechapelle.com\/wp-content\/uploads\/2024\/03\/photos-olivier-octobre-2015-1-.jpg 967w, https:\/\/lesamisdelasaintechapelle.com\/wp-content\/uploads\/2024\/03\/photos-olivier-octobre-2015-1--300x181.jpg 300w, https:\/\/lesamisdelasaintechapelle.com\/wp-content\/uploads\/2024\/03\/photos-olivier-octobre-2015-1--768x465.jpg 768w, https:\/\/lesamisdelasaintechapelle.com\/wp-content\/uploads\/2024\/03\/photos-olivier-octobre-2015-1--600x363.jpg 600w\" sizes=\"auto, (max-width: 967px) 100vw, 967px\" \/><\/figure>\n\n\n\n<div class=\"wp-block-buttons is-content-justification-center is-layout-flex wp-container-core-buttons-is-layout-16018d1d wp-block-buttons-is-layout-flex\">\n<div class=\"wp-block-button has-custom-width wp-block-button__width-50 is-style-outline is-style-outline--1\"><a class=\"wp-block-button__link has-text-color has-link-color has-text-align-center wp-element-button\" href=\"https:\/\/www.billetweb.fr\/pro\/ste-chapelle-chambery\" style=\"border-radius:0px;color:#ff956c\" target=\"_blank\" rel=\"noreferrer noopener\">BILLETTERIE EN LIGNE<\/a><\/div>\n<\/div>\n<\/div>\n\n\n\n<div class=\"wp-block-column is-layout-flow wp-block-column-is-layout-flow\" style=\"flex-basis:60%\">\n<p>L&rsquo;entr\u00e9e se fait par la grille place du ch\u00e2teau (statue des fr\u00e8res de Maistre) et la billetterie est \u00e0 l&rsquo;entr\u00e9e de la Sainte-Chapelle.<\/p>\n\n\n\n<p>Pour les personnes \u00e0 mobilit\u00e9 r\u00e9duite, veuillez joindre les Amis de la Sainte Chapelle par t\u00e9l\u00e9phone au <strong>06 33 67 64 10<\/strong>. Si possible, veuillez nous contacter au moins 24h avant pour que nous puissions nous organiser.<\/p>\n\n\n\n<p>\u00c0 proximit\u00e9 des lignes de bus A, C et D (arr\u00eat \u00ab\u00a0Ch\u00e2teau des Ducs\u00a0\u00bb) ou C, 1, 2 et 19 (arr\u00eat \u00ab\u00a0Pr\u00e9fecture\u00a0\u00bb). Plus d&rsquo;informations sur <a href=\"http:\/\/synchro.grandchambery.fr\" target=\"_blank\" rel=\"noopener\" title=\"synchro.grandchambery.fr\">synchro.grandchambery.fr<\/a>.<\/p>\n\n\n\n<hr class=\"wp-block-separator has-alpha-channel-opacity is-style-wide\"\/>\n\n\n\n<div class=\"wp-block-group a-la-ligne\"><div class=\"wp-block-group__inner-container is-layout-constrained wp-block-group-is-layout-constrained\">\n<p>\u00c9glise Saint-Pierre de Mach\u00e9<\/p>\n\n\n\n<p>2 Place Saint-Pierre de M\u00e2che, 73000 Chamb\u00e9ry<\/p>\n<\/div><\/div>\n\n\n\n<p>\u00c0 proximit\u00e9 des lignes de bus A, D et 2 (arr\u00eat \u00ab\u00a0Grenette\u00a0\u00bb ou \u00ab\u00a0H\u00f4pital Mach\u00e9\u00a0\u00bb) ou C, 5 et S04 (arr\u00eat \u00ab\u00a0H\u00f4pital Biset\u00a0\u00bb). Plus d&rsquo;informations sur <a href=\"http:\/\/synchro.grandchambery.fr\" target=\"_blank\" rel=\"noopener\" title=\"synchro.grandchambery.fr\">synchro.grandchambery.fr<\/a>.<\/p>\n\n\n\n<hr class=\"wp-block-separator has-alpha-channel-opacity is-style-wide\"\/>\n\n\n\n<div class=\"wp-block-group a-la-ligne\"><div class=\"wp-block-group__inner-container is-layout-constrained wp-block-group-is-layout-constrained\">\n<p>\u00c9glise Notre-Dame de Chamb\u00e9ry<\/p>\n\n\n\n<p>Rue Saint-Antoine, 73000 Chamb\u00e9ry<\/p>\n<\/div><\/div>\n\n\n\n<p>\u00c0 proximit\u00e9 des lignes de bus A, C et D (arr\u00eat \u00ab\u00a0Halles\u00a0\u00bb) ou B, D, 1 et 4 (arr\u00eat \u00ab\u00a0Ducs\u00a0\u00bb). Plus d&rsquo;informations sur <a href=\"http:\/\/synchro.grandchambery.fr\" target=\"_blank\" rel=\"noopener\" title=\"synchro.grandchambery.fr\">synchro.grandchambery.fr<\/a>.<\/p>\n\n\n\n<hr class=\"wp-block-separator has-alpha-channel-opacity is-style-wide\"\/>\n\n\n\n<p>Pr\u00e8s de la maison des associations ou de l&rsquo;Espace Malraux, se trouve :<\/p>\n\n\n\n<div class=\"wp-block-group a-la-ligne\"><div class=\"wp-block-group__inner-container is-layout-constrained wp-block-group-is-layout-constrained\">\n<p>\u00c9glise Protestante Unie de Chamb\u00e9ry<\/p>\n\n\n\n<p>10&nbsp;rue de la Banque, 73000 Chamb\u00e9ry<\/p>\n<\/div><\/div>\n\n\n\n<hr class=\"wp-block-separator has-alpha-channel-opacity is-style-wide\"\/>\n\n\n\n<p>C.I.A.P. &nbsp;Centre d&rsquo;Interpr\u00e9tation de l&rsquo;architecture et du Patrimoine&nbsp;<\/p>\n\n\n\n<div class=\"wp-block-group a-la-ligne\"><div class=\"wp-block-group__inner-container is-layout-constrained wp-block-group-is-layout-constrained\">\n<p>H\u00f4tel de Cordon&nbsp;<\/p>\n\n\n\n<p>Rue Saint R\u00e9al, 73000 Chamb\u00e9ry<\/p>\n<\/div><\/div>\n\n\n\n<hr class=\"wp-block-separator has-alpha-channel-opacity is-style-wide\"\/>\n\n\n\n<p>Rencontres Artistiques de Bel-Air<\/p>\n\n\n\n<p>99 rue de Bel Air, 73490 La Ravoire<\/p>\n<\/div>\n<\/div>\n\n\n\n<div style=\"height:50px\" aria-hidden=\"true\" id=\"plans\" class=\"wp-block-spacer ancre\"><\/div>\n\n\n\n<hr class=\"wp-block-separator has-text-color has-alpha-channel-opacity has-background is-style-wide\" style=\"background-color:#41c7c0;color:#41c7c0\"\/>\n\n\n\n<h3 class=\"wp-block-heading\">PLANS D&rsquo;ACC\u00c8S<\/h3>\n\n\n\n<h6 class=\"wp-block-heading\">Sainte-Chapelle du Ch\u00e2teau des Ducs de Savoie<\/h6>\n\n\n\n<div class=\"wp-block-columns are-vertically-aligned-center is-layout-flex wp-container-core-columns-is-layout-9d6595d7 wp-block-columns-is-layout-flex\">\n<div class=\"wp-block-column is-vertically-aligned-center is-layout-flow wp-block-column-is-layout-flow\" style=\"flex-basis:50%\">\n<iframe src=\"https:\/\/www.google.com\/maps\/embed?pb=!1m18!1m12!1m3!1d2793.27389758943!2d5.915683175196516!3d45.56493037107571!2m3!1f0!2f0!3f0!3m2!1i1024!2i768!4f13.1!3m3!1m2!1s0x478ba93069d72ec3%3A0xe06d5acd24ae4abb!2sSainte-Chapelle%20du%20Ch%C3%A2teau%20des%20Ducs%20de%20Savoie!5e0!3m2!1sfr!2sfr!4v1709574486950!5m2!1sfr!2sfr\" width=\"100%\" height=\"395\" style=\"border:0;\" allowfullscreen=\"\" loading=\"lazy\" referrerpolicy=\"no-referrer-when-downgrade\"><\/iframe>\n<\/div>\n\n\n\n<div class=\"wp-block-column is-vertically-aligned-center is-layout-flow wp-block-column-is-layout-flow\" style=\"flex-basis:50%\">\n<figure class=\"wp-block-image size-large\"><img loading=\"lazy\" decoding=\"async\" width=\"1024\" height=\"768\" src=\"http:\/\/lesamisdelasaintechapelle.com\/wp-content\/uploads\/2025\/05\/Acces-Sainte-Chapelle-1024x768.jpg\" alt=\"\" class=\"wp-image-1282\" srcset=\"https:\/\/lesamisdelasaintechapelle.com\/wp-content\/uploads\/2025\/05\/Acces-Sainte-Chapelle-1024x768.jpg 1024w, https:\/\/lesamisdelasaintechapelle.com\/wp-content\/uploads\/2025\/05\/Acces-Sainte-Chapelle-300x225.jpg 300w, https:\/\/lesamisdelasaintechapelle.com\/wp-content\/uploads\/2025\/05\/Acces-Sainte-Chapelle-768x576.jpg 768w, https:\/\/lesamisdelasaintechapelle.com\/wp-content\/uploads\/2025\/05\/Acces-Sainte-Chapelle-1536x1152.jpg 1536w, https:\/\/lesamisdelasaintechapelle.com\/wp-content\/uploads\/2025\/05\/Acces-Sainte-Chapelle-600x450.jpg 600w, https:\/\/lesamisdelasaintechapelle.com\/wp-content\/uploads\/2025\/05\/Acces-Sainte-Chapelle.jpg 1600w\" sizes=\"auto, (max-width: 1024px) 100vw, 1024px\" \/><\/figure>\n<\/div>\n<\/div>\n\n\n\n<div style=\"height:50px\" aria-hidden=\"true\" id=\"plan2\" class=\"wp-block-spacer ancre\"><\/div>\n\n\n\n<hr class=\"wp-block-separator has-alpha-channel-opacity is-style-wide\"\/>\n\n\n\n<h6 class=\"wp-block-heading\">\u00c9glise Saint-Pierre de Mach\u00e9<\/h6>\n\n\n\n<div class=\"wp-block-columns are-vertically-aligned-center is-layout-flex wp-container-core-columns-is-layout-9d6595d7 wp-block-columns-is-layout-flex\">\n<div class=\"wp-block-column is-vertically-aligned-center is-layout-flow wp-block-column-is-layout-flow\" style=\"flex-basis:50%\">\n<iframe src=\"https:\/\/www.google.com\/maps\/embed?pb=!1m18!1m12!1m3!1d2793.2864973215133!2d5.9125736760917675!3d45.564676971075784!2m3!1f0!2f0!3f0!3m2!1i1024!2i768!4f13.1!3m3!1m2!1s0x478ba855b4199a9f%3A0xc6730eeeff0f5ab6!2s%C3%89glise%20Saint-Pierre-de-Mach%C3%A9!5e0!3m2!1sfr!2sfr!4v1774540852139!5m2!1sfr!2sfr\" width=\"100%\" height=\"395\" style=\"border:0;\" allowfullscreen=\"\" loading=\"lazy\" referrerpolicy=\"no-referrer-when-downgrade\"><\/iframe>\n<\/div>\n\n\n\n<div class=\"wp-block-column is-vertically-aligned-center is-layout-flow wp-block-column-is-layout-flow\" style=\"flex-basis:50%\">\n<figure class=\"wp-block-image size-full\"><img loading=\"lazy\" decoding=\"async\" width=\"800\" height=\"533\" src=\"http:\/\/lesamisdelasaintechapelle.com\/wp-content\/uploads\/2026\/03\/Acces-Saint-Pierre-de-Mache.jpg\" alt=\"\" class=\"wp-image-2448\" srcset=\"https:\/\/lesamisdelasaintechapelle.com\/wp-content\/uploads\/2026\/03\/Acces-Saint-Pierre-de-Mache.jpg 800w, https:\/\/lesamisdelasaintechapelle.com\/wp-content\/uploads\/2026\/03\/Acces-Saint-Pierre-de-Mache-300x200.jpg 300w, https:\/\/lesamisdelasaintechapelle.com\/wp-content\/uploads\/2026\/03\/Acces-Saint-Pierre-de-Mache-768x512.jpg 768w, https:\/\/lesamisdelasaintechapelle.com\/wp-content\/uploads\/2026\/03\/Acces-Saint-Pierre-de-Mache-600x400.jpg 600w\" sizes=\"auto, (max-width: 800px) 100vw, 800px\" \/><\/figure>\n<\/div>\n<\/div>\n\n\n\n<hr class=\"wp-block-separator has-alpha-channel-opacity is-style-wide\"\/>\n\n\n\n<h6 class=\"wp-block-heading\">\u00c9glise Notre-Dame<\/h6>\n\n\n\n<div class=\"wp-block-columns are-vertically-aligned-center is-layout-flex wp-container-core-columns-is-layout-9d6595d7 wp-block-columns-is-layout-flex\">\n<div class=\"wp-block-column is-vertically-aligned-center is-layout-flow wp-block-column-is-layout-flow\" style=\"flex-basis:50%\">\n<iframe src=\"https:\/\/www.google.com\/maps\/embed?pb=!1m18!1m12!1m3!1d2204.149089645235!2d5.919498475529096!3d45.567603579742475!2m3!1f0!2f0!3f0!3m2!1i1024!2i768!4f13.1!3m3!1m2!1s0x478ba8f91df3c6f5%3A0x5fe706f25909603c!2s%C3%89glise%20Notre-Dame%20de%20Chamb%C3%A9ry!5e0!3m2!1sfr!2sfr!4v1761563278643!5m2!1sfr!2sfr\" width=\"100%\" height=\"395\" style=\"border:0;\" allowfullscreen=\"\" loading=\"lazy\" referrerpolicy=\"no-referrer-when-downgrade\"><\/iframe>\n<\/div>\n\n\n\n<div class=\"wp-block-column is-vertically-aligned-center is-layout-flow wp-block-column-is-layout-flow\" style=\"flex-basis:50%\">\n<figure class=\"wp-block-image size-large\"><img loading=\"lazy\" decoding=\"async\" width=\"1024\" height=\"683\" src=\"http:\/\/lesamisdelasaintechapelle.com\/wp-content\/uploads\/2025\/10\/Acces-Notre-Dame-1024x683.jpg\" alt=\"\" class=\"wp-image-1938\" srcset=\"https:\/\/lesamisdelasaintechapelle.com\/wp-content\/uploads\/2025\/10\/Acces-Notre-Dame-1024x683.jpg 1024w, https:\/\/lesamisdelasaintechapelle.com\/wp-content\/uploads\/2025\/10\/Acces-Notre-Dame-300x200.jpg 300w, https:\/\/lesamisdelasaintechapelle.com\/wp-content\/uploads\/2025\/10\/Acces-Notre-Dame-768x512.jpg 768w, https:\/\/lesamisdelasaintechapelle.com\/wp-content\/uploads\/2025\/10\/Acces-Notre-Dame-600x400.jpg 600w, https:\/\/lesamisdelasaintechapelle.com\/wp-content\/uploads\/2025\/10\/Acces-Notre-Dame.jpg 1200w\" sizes=\"auto, (max-width: 1024px) 100vw, 1024px\" \/><\/figure>\n<\/div>\n<\/div>\n","protected":false},"excerpt":{"rendered":"<p>ACC\u00c8S \/ ACC\u00c8S MOBILIT\u00c9 R\u00c9DUITE \/ BILLETTERIE L&rsquo;entr\u00e9e se fait par la grille place du ch\u00e2teau (statue des fr\u00e8res de Maistre) et la billetterie est \u00e0 l&rsquo;entr\u00e9e de la Sainte-Chapelle. Pour les personnes \u00e0 mobilit\u00e9 r\u00e9duite, veuillez joindre les Amis de la Sainte Chapelle par t\u00e9l\u00e9phone au 06 33 67 64 10. Si possible, veuillez [&hellip;]<\/p>\n","protected":false},"author":1,"featured_media":0,"parent":0,"menu_order":0,"comment_status":"closed","ping_status":"closed","template":"","meta":{"_monsterinsights_skip_tracking":false,"_monsterinsights_sitenote_active":false,"_monsterinsights_sitenote_note":"","_monsterinsights_sitenote_category":0,"footnotes":""},"folder":[],"class_list":["post-134","page","type-page","status-publish","hentry"],"aioseo_notices":[],"_links":{"self":[{"href":"https:\/\/lesamisdelasaintechapelle.com\/index.php\/wp-json\/wp\/v2\/pages\/134","targetHints":{"allow":["GET"]}}],"collection":[{"href":"https:\/\/lesamisdelasaintechapelle.com\/index.php\/wp-json\/wp\/v2\/pages"}],"about":[{"href":"https:\/\/lesamisdelasaintechapelle.com\/index.php\/wp-json\/wp\/v2\/types\/page"}],"author":[{"embeddable":true,"href":"https:\/\/lesamisdelasaintechapelle.com\/index.php\/wp-json\/wp\/v2\/users\/1"}],"replies":[{"embeddable":true,"href":"https:\/\/lesamisdelasaintechapelle.com\/index.php\/wp-json\/wp\/v2\/comments?post=134"}],"version-history":[{"count":39,"href":"https:\/\/lesamisdelasaintechapelle.com\/index.php\/wp-json\/wp\/v2\/pages\/134\/revisions"}],"predecessor-version":[{"id":2624,"href":"https:\/\/lesamisdelasaintechapelle.com\/index.php\/wp-json\/wp\/v2\/pages\/134\/revisions\/2624"}],"wp:attachment":[{"href":"https:\/\/lesamisdelasaintechapelle.com\/index.php\/wp-json\/wp\/v2\/media?parent=134"}],"wp:term":[{"taxonomy":"folder","embeddable":true,"href":"https:\/\/lesamisdelasaintechapelle.com\/index.php\/wp-json\/wp\/v2\/folder?post=134"}],"curies":[{"name":"wp","href":"https:\/\/api.w.org\/{rel}","templated":true}]}}