{"id":132,"date":"2024-03-04T18:34:49","date_gmt":"2024-03-04T17:34:49","guid":{"rendered":"https:\/\/lesamisdelasaintechapelle.com\/?page_id=132"},"modified":"2024-04-11T11:58:03","modified_gmt":"2024-04-11T09:58:03","slug":"les-concerts-dorgue","status":"publish","type":"page","link":"https:\/\/lesamisdelasaintechapelle.com\/index.php\/les-concerts-dorgue\/","title":{"rendered":"Les concerts d&rsquo;orgue"},"content":{"rendered":"\n<div class=\"wp-block-columns is-layout-flex wp-container-core-columns-is-layout-9d6595d7 wp-block-columns-is-layout-flex\">\n<div class=\"wp-block-column is-layout-flow wp-block-column-is-layout-flow\" style=\"flex-basis:25%\">\n<figure class=\"wp-block-image size-full\"><img loading=\"lazy\" decoding=\"async\" width=\"224\" height=\"400\" src=\"https:\/\/lesamisdelasaintechapelle.com\/wp-content\/uploads\/2024\/03\/chalmin-a-l-orgue.jpg\" alt=\"\" class=\"wp-image-155\" srcset=\"https:\/\/lesamisdelasaintechapelle.com\/wp-content\/uploads\/2024\/03\/chalmin-a-l-orgue.jpg 224w, https:\/\/lesamisdelasaintechapelle.com\/wp-content\/uploads\/2024\/03\/chalmin-a-l-orgue-168x300.jpg 168w\" sizes=\"auto, (max-width: 224px) 100vw, 224px\" \/><\/figure>\n<\/div>\n\n\n\n<div class=\"wp-block-column is-layout-flow wp-block-column-is-layout-flow\" style=\"flex-basis:75%\">\n<p>En 1975, sous l&rsquo;impulsion de la Soci\u00e9t\u00e9 des Amis de la Sainte-Chapelle, la chapelle retrouva un orgue de concert, ex\u00e9cut\u00e9 par les facteurs d&rsquo;orgues Walter et Th\u00e9o Haerpfer de la Manufacture Lorraine de Grandes Orgues. Le nouvel instrument pris alors place dans le buffet de Cu\u00e9not, seul valeureux rescap\u00e9.<\/p>\n\n\n\n<p>Aujourd&rsquo;hui, l&rsquo;association des Amis de la Sainte Chapelle fait toujours la promotion des orgues dans le cadre du programme de r\u00e9novation du ch\u00e2teau, supervis\u00e9e par le Conseil G\u00e9n\u00e9ral.<\/p>\n\n\n\n<p><a href=\"http:\/\/www.orgues-chalmin.com\/\" target=\"_blank\" rel=\"noopener\" title=\"\">Dominique Chalmin<\/a>, organiste et facteur d&rsquo;orgue, en est le titulaire.<\/p>\n\n\n\n<p>Vous pouvez voir la fin de la restauration de l&rsquo;orgue :<\/p>\n\n\n\n<figure class=\"wp-block-embed is-type-video is-provider-youtube wp-block-embed-youtube wp-embed-aspect-16-9 wp-has-aspect-ratio\"><div class=\"wp-block-embed__wrapper\">\n<iframe loading=\"lazy\" title=\"Re-installation de l&#039;orgue de la Sainte Chapelle\" width=\"770\" height=\"433\" src=\"https:\/\/www.youtube.com\/embed\/qalKOqwZvHE?feature=oembed\" frameborder=\"0\" allow=\"accelerometer; autoplay; clipboard-write; encrypted-media; gyroscope; picture-in-picture; web-share\" allowfullscreen><\/iframe>\n<\/div><\/figure>\n<\/div>\n<\/div>\n","protected":false},"excerpt":{"rendered":"<p>En 1975, sous l&rsquo;impulsion de la Soci\u00e9t\u00e9 des Amis de la Sainte-Chapelle, la chapelle retrouva un orgue de concert, ex\u00e9cut\u00e9 par les facteurs d&rsquo;orgues Walter et Th\u00e9o Haerpfer de la Manufacture Lorraine de Grandes Orgues. Le nouvel instrument pris alors place dans le buffet de Cu\u00e9not, seul valeureux rescap\u00e9. Aujourd&rsquo;hui, l&rsquo;association des Amis de la [&hellip;]<\/p>\n","protected":false},"author":1,"featured_media":0,"parent":0,"menu_order":0,"comment_status":"closed","ping_status":"closed","template":"","meta":{"_monsterinsights_skip_tracking":false,"_monsterinsights_sitenote_active":false,"_monsterinsights_sitenote_note":"","_monsterinsights_sitenote_category":0,"footnotes":""},"folder":[],"class_list":["post-132","page","type-page","status-publish","hentry"],"aioseo_notices":[],"_links":{"self":[{"href":"https:\/\/lesamisdelasaintechapelle.com\/index.php\/wp-json\/wp\/v2\/pages\/132","targetHints":{"allow":["GET"]}}],"collection":[{"href":"https:\/\/lesamisdelasaintechapelle.com\/index.php\/wp-json\/wp\/v2\/pages"}],"about":[{"href":"https:\/\/lesamisdelasaintechapelle.com\/index.php\/wp-json\/wp\/v2\/types\/page"}],"author":[{"embeddable":true,"href":"https:\/\/lesamisdelasaintechapelle.com\/index.php\/wp-json\/wp\/v2\/users\/1"}],"replies":[{"embeddable":true,"href":"https:\/\/lesamisdelasaintechapelle.com\/index.php\/wp-json\/wp\/v2\/comments?post=132"}],"version-history":[{"count":2,"href":"https:\/\/lesamisdelasaintechapelle.com\/index.php\/wp-json\/wp\/v2\/pages\/132\/revisions"}],"predecessor-version":[{"id":157,"href":"https:\/\/lesamisdelasaintechapelle.com\/index.php\/wp-json\/wp\/v2\/pages\/132\/revisions\/157"}],"wp:attachment":[{"href":"https:\/\/lesamisdelasaintechapelle.com\/index.php\/wp-json\/wp\/v2\/media?parent=132"}],"wp:term":[{"taxonomy":"folder","embeddable":true,"href":"https:\/\/lesamisdelasaintechapelle.com\/index.php\/wp-json\/wp\/v2\/folder?post=132"}],"curies":[{"name":"wp","href":"https:\/\/api.w.org\/{rel}","templated":true}]}}