{"id":128,"date":"2024-03-04T18:33:51","date_gmt":"2024-03-04T17:33:51","guid":{"rendered":"https:\/\/lesamisdelasaintechapelle.com\/?page_id=128"},"modified":"2026-04-05T12:13:47","modified_gmt":"2026-04-05T10:13:47","slug":"programmation","status":"publish","type":"page","link":"https:\/\/lesamisdelasaintechapelle.com\/index.php\/programmation\/","title":{"rendered":"Programmation"},"content":{"rendered":"\n<p class=\"has-black-color has-text-color has-link-color has-large-font-size wp-elements-0e88ca6070248fa6ba5b5ce1fb88d5d9\"><strong>FESTIVAL DE PRINTEMPS 2026<\/strong><\/p>\n\n\n\n<h3 class=\"wp-block-heading\">LES NUITS DE LA SAINTE-CHAPELLE &#8211; DU 31 MAI AU 14 JUIN<\/h3>\n\n\n\n<div class=\"wp-block-group hide2\"><div class=\"wp-block-group__inner-container is-layout-constrained wp-block-group-is-layout-constrained\">\n<p class=\"has-text-align-center\"><strong>Page en cours de mise \u00e0 jour<\/strong><\/p>\n<\/div><\/div>\n\n\n\n<div class=\"wp-block-columns are-vertically-aligned-center is-layout-flex wp-container-core-columns-is-layout-9d6595d7 wp-block-columns-is-layout-flex\">\n<div class=\"wp-block-column is-vertically-aligned-center is-layout-flow wp-block-column-is-layout-flow\">\n<div class=\"wp-block-buttons is-vertical is-content-justification-center is-layout-flex wp-container-core-buttons-is-layout-9a7cdcfd wp-block-buttons-is-layout-flex\">\n<div class=\"wp-block-button is-style-outline is-style-outline--1\"><a class=\"wp-block-button__link has-text-color has-link-color wp-element-button\" href=\"http:\/\/lesamisdelasaintechapelle.com\/wp-content\/uploads\/2026\/03\/Tract-Printemps-2026.pdf\" style=\"border-radius:0px;color:#ff956c\" target=\"_blank\" rel=\"noreferrer noopener\">TRACT PRINTEMPS 2026<\/a><\/div>\n<\/div>\n<\/div>\n\n\n\n<div class=\"wp-block-column is-vertically-aligned-center is-layout-flow wp-block-column-is-layout-flow\">\n<div class=\"wp-block-buttons is-vertical is-content-justification-center is-layout-flex wp-container-core-buttons-is-layout-9a7cdcfd wp-block-buttons-is-layout-flex\">\n<div class=\"wp-block-button is-style-outline is-style-outline--2\"><a class=\"wp-block-button__link has-text-color has-link-color wp-element-button\" href=\"https:\/\/www.billetweb.fr\/festival-de-printemps-2026\" style=\"border-radius:0px;color:#ff956c\" target=\"_blank\" rel=\"noreferrer noopener\">BILLETTERIE<\/a><\/div>\n<\/div>\n<\/div>\n\n\n\n<div class=\"wp-block-column is-vertically-aligned-center is-layout-flow wp-block-column-is-layout-flow\">\n<div class=\"wp-block-group a-la-ligne\"><div class=\"wp-block-group__inner-container is-layout-constrained wp-block-group-is-layout-constrained\">\n<p class=\"has-text-align-center\">R\u00e9servation possible \u00e0 :<\/p>\n\n\n\n<p class=\"has-text-align-center\">contact@lesamisdelasaintechapelle.com<\/p>\n\n\n\n<p class=\"has-text-align-center\">06 14 31 66 71<\/p>\n<\/div><\/div>\n<\/div>\n<\/div>\n\n\n\n<div class=\"wp-block-group\"><div class=\"wp-block-group__inner-container is-layout-constrained wp-block-group-is-layout-constrained\">\n<hr class=\"wp-block-separator has-text-color has-alpha-channel-opacity has-background is-style-wide\" style=\"background-color:#41c7c0;color:#41c7c0\"\/>\n\n\n\n<h3 class=\"wp-block-heading\">L\u2019\u00c9CHO DES SPH\u00c8RES<\/h3>\n\n\n\n<div class=\"wp-block-columns are-vertically-aligned-center is-layout-flex wp-container-core-columns-is-layout-9d6595d7 wp-block-columns-is-layout-flex\">\n<div class=\"wp-block-column is-vertically-aligned-center is-layout-flow wp-block-column-is-layout-flow\">\n<p class=\"has-text-align-center\"><strong><u>Dimanche 31 mai 2026 \u2022 18h (dur\u00e9e 1h)<\/u><\/strong><\/p>\n\n\n\n<div class=\"wp-block-group a-la-ligne\"><div class=\"wp-block-group__inner-container is-layout-constrained wp-block-group-is-layout-constrained\">\n<p class=\"has-text-align-center\">Sainte-Chapelle des Ducs de Savoie, Ch\u00e2teau des Ducs, Chamb\u00e9ry <a href=\"https:\/\/lesamisdelasaintechapelle.com\/index.php\/acces-concerts\/#plans\" target=\"_blank\" rel=\"noopener\" title=\"(plan)\">(plan)<\/a><\/p>\n\n\n\n<p class=\"has-text-align-center\">entr\u00e9e par la grille place du ch\u00e2teau (statue des fr\u00e8res de Maistre)<\/p>\n<\/div><\/div>\n\n\n\n<div class=\"wp-block-group a-la-ligne\"><div class=\"wp-block-group__inner-container is-layout-constrained wp-block-group-is-layout-constrained\">\n<p class=\"has-text-align-center MrsEavesRoman\"><em>Voyage dans l&rsquo;Italie du XVII<sup>\u00e8me<\/sup> si\u00e8cle<\/em><\/p>\n<\/div><\/div>\n\n\n\n<div class=\"wp-block-group a-la-ligne\"><div class=\"wp-block-group__inner-container is-layout-constrained wp-block-group-is-layout-constrained\">\n<p class=\"has-text-align-center\">Par l&rsquo;Ensemble Musica ex Anima, avec Maximin Marchand<\/p>\n<\/div><\/div>\n<\/div>\n\n\n\n<div class=\"wp-block-column is-vertically-aligned-center is-layout-flow wp-block-column-is-layout-flow\" style=\"flex-basis:10%\">\n<div class=\"wp-block-buttons is-content-justification-center is-layout-flex wp-container-core-buttons-is-layout-16018d1d wp-block-buttons-is-layout-flex\">\n<div class=\"wp-block-button has-custom-width wp-block-button__width-100 is-style-outline is-style-outline--3\"><a class=\"wp-block-button__link has-text-color has-link-color wp-element-button\" href=\"https:\/\/lesamisdelasaintechapelle.com\/index.php\/programmation\/lecho-des-spheres\/\" style=\"border-radius:0px;color:#ff956c\">\u2192<\/a><\/div>\n<\/div>\n<\/div>\n<\/div>\n<\/div><\/div>\n\n\n\n<div class=\"wp-block-group\"><div class=\"wp-block-group__inner-container is-layout-constrained wp-block-group-is-layout-constrained\">\n<hr class=\"wp-block-separator has-text-color has-alpha-channel-opacity has-background is-style-wide\" style=\"background-color:#41c7c0;color:#41c7c0\"\/>\n\n\n\n<h3 class=\"wp-block-heading\">MUSIQUE EN SAVOIE<\/h3>\n\n\n\n<div class=\"wp-block-columns are-vertically-aligned-center is-layout-flex wp-container-core-columns-is-layout-9d6595d7 wp-block-columns-is-layout-flex\">\n<div class=\"wp-block-column is-vertically-aligned-center is-layout-flow wp-block-column-is-layout-flow\">\n<p class=\"has-text-align-center a-la-ligne\"><strong><u>Mardi 2 juin 2026 \u2022 20h (dur\u00e9e 1h)<\/u><\/strong><\/p>\n\n\n\n<div class=\"wp-block-group a-la-ligne\"><div class=\"wp-block-group__inner-container is-layout-constrained wp-block-group-is-layout-constrained\">\n<p class=\"has-text-align-center\"><strong>\u00c9glise Saint-Pierre de Mach\u00e9<\/strong>, Chamb\u00e9ry <a href=\"https:\/\/lesamisdelasaintechapelle.com\/index.php\/acces-concerts\/#plan2\" target=\"_blank\" rel=\"noopener\" title=\"(plan)\">(plan)<\/a><\/p>\n<\/div><\/div>\n\n\n\n<p class=\"has-text-align-center MrsEavesRoman\"><em>Six si\u00e8cles de polyphonies savoyardes \u00e0 la cour, \u00e0 l&rsquo;\u00e9glise, \u00e0 la chambre, au champ, \u00e0 l&rsquo;auberge<\/em><\/p>\n\n\n\n<div class=\"wp-block-group a-la-ligne\"><div class=\"wp-block-group__inner-container is-layout-constrained wp-block-group-is-layout-constrained\">\n<p class=\"has-text-align-center\">Par le Ch\u0153ur de la Sainte-Chapelle, direction musicale Beno\u00eet Magnin<\/p>\n<\/div><\/div>\n<\/div>\n\n\n\n<div class=\"wp-block-column is-vertically-aligned-center is-layout-flow wp-block-column-is-layout-flow\" style=\"flex-basis:10%\">\n<div class=\"wp-block-buttons is-content-justification-center is-layout-flex wp-container-core-buttons-is-layout-16018d1d wp-block-buttons-is-layout-flex\">\n<div class=\"wp-block-button has-custom-width wp-block-button__width-100 is-style-outline is-style-outline--4\"><a class=\"wp-block-button__link has-text-color has-link-color wp-element-button\" href=\"https:\/\/lesamisdelasaintechapelle.com\/index.php\/programmation\/musique-en-savoie\/\" style=\"border-radius:0px;color:#ff956c\">\u2192<\/a><\/div>\n<\/div>\n<\/div>\n<\/div>\n<\/div><\/div>\n\n\n\n<div class=\"wp-block-group\"><div class=\"wp-block-group__inner-container is-layout-constrained wp-block-group-is-layout-constrained\">\n<hr class=\"wp-block-separator has-text-color has-alpha-channel-opacity has-background is-style-wide\" style=\"background-color:#41c7c0;color:#41c7c0\"\/>\n\n\n\n<h3 class=\"wp-block-heading\">PLUMES AU CLAIR DE LUNE<\/h3>\n\n\n\n<div class=\"wp-block-columns are-vertically-aligned-center is-layout-flex wp-container-core-columns-is-layout-9d6595d7 wp-block-columns-is-layout-flex\">\n<div class=\"wp-block-column is-vertically-aligned-center is-layout-flow wp-block-column-is-layout-flow\">\n<p class=\"has-text-align-center\"><strong><u>Jeudi 4 juin 2026 \u2022 19h (dur\u00e9e 1h)<\/u><\/strong><\/p>\n\n\n\n<div class=\"wp-block-group a-la-ligne\"><div class=\"wp-block-group__inner-container is-layout-constrained wp-block-group-is-layout-constrained\">\n<p class=\"has-text-align-center\">Sainte-Chapelle des Ducs de Savoie, Ch\u00e2teau des Ducs, Chamb\u00e9ry <a href=\"https:\/\/lesamisdelasaintechapelle.com\/index.php\/acces-concerts\/#plans\" target=\"_blank\" rel=\"noopener\" title=\"(plan)\">(plan)<\/a><\/p>\n\n\n\n<p class=\"has-text-align-center\">entr\u00e9e par la grille place du ch\u00e2teau (statue des fr\u00e8res de Maistre)<\/p>\n<\/div><\/div>\n\n\n\n<div class=\"wp-block-group a-la-ligne\"><div class=\"wp-block-group__inner-container is-layout-constrained wp-block-group-is-layout-constrained\">\n<p class=\"has-text-align-center MrsEavesRoman\"><em>Quand la MAO (musique assist\u00e9e par ordinateur) s&rsquo;associe aux instruments anciens dans une m\u00eame <em>inspiration naturaliste, faite de cris, de souffles, de chuchotements, reformant notre paysage <\/em>sonore<\/em><\/p>\n<\/div><\/div>\n\n\n\n<div class=\"wp-block-group a-la-ligne\"><div class=\"wp-block-group__inner-container is-layout-constrained wp-block-group-is-layout-constrained\">\n<p class=\"has-text-align-center\">Par l&rsquo;Ensemble La Loda di musica, direction musicale Xavier Janot<\/p>\n<\/div><\/div>\n<\/div>\n\n\n\n<div class=\"wp-block-column is-vertically-aligned-center is-layout-flow wp-block-column-is-layout-flow\" style=\"flex-basis:10%\">\n<div class=\"wp-block-buttons is-content-justification-center is-layout-flex wp-container-core-buttons-is-layout-16018d1d wp-block-buttons-is-layout-flex\">\n<div class=\"wp-block-button has-custom-width wp-block-button__width-100 is-style-outline is-style-outline--5\"><a class=\"wp-block-button__link has-text-color has-link-color wp-element-button\" href=\"https:\/\/lesamisdelasaintechapelle.com\/index.php\/programmation\/plumes-au-clair-de-lune\/\" style=\"border-radius:0px;color:#ff956c\">\u2192<\/a><\/div>\n<\/div>\n<\/div>\n<\/div>\n<\/div><\/div>\n\n\n\n<div class=\"wp-block-group\"><div class=\"wp-block-group__inner-container is-layout-constrained wp-block-group-is-layout-constrained\">\n<hr class=\"wp-block-separator has-text-color has-alpha-channel-opacity has-background is-style-wide\" style=\"background-color:#41c7c0;color:#41c7c0\"\/>\n\n\n\n<h3 class=\"wp-block-heading\">NOCTURNE CHEZ LES M\u00c9DICIS<\/h3>\n\n\n\n<div class=\"wp-block-columns are-vertically-aligned-center is-layout-flex wp-container-core-columns-is-layout-9d6595d7 wp-block-columns-is-layout-flex\">\n<div class=\"wp-block-column is-vertically-aligned-center is-layout-flow wp-block-column-is-layout-flow\">\n<p class=\"has-text-align-center\"><strong><u>Dimanche 7 juin 2026 \u2022 18h (dur\u00e9e 1h)<\/u><\/strong><\/p>\n\n\n\n<div class=\"wp-block-group a-la-ligne\"><div class=\"wp-block-group__inner-container is-layout-constrained wp-block-group-is-layout-constrained\">\n<p class=\"has-text-align-center\">Sainte-Chapelle des Ducs de Savoie, Ch\u00e2teau des Ducs, Chamb\u00e9ry <a href=\"https:\/\/lesamisdelasaintechapelle.com\/index.php\/acces-concerts\/#plans\" target=\"_blank\" rel=\"noopener\" title=\"(plan)\">(plan)<\/a><\/p>\n\n\n\n<p class=\"has-text-align-center\">entr\u00e9e par la grille place du ch\u00e2teau (statue des fr\u00e8res de Maistre)<\/p>\n<\/div><\/div>\n\n\n\n<div class=\"wp-block-group a-la-ligne\"><div class=\"wp-block-group__inner-container is-layout-constrained wp-block-group-is-layout-constrained\">\n<p class=\"has-text-align-center MrsEavesRoman\"><em>Creative Sackbut Collective vous accompagne vers une nuit douce et paisible au timbre mordor\u00e9 de l&rsquo;orgue et des sacqueboutes<\/em><\/p>\n<\/div><\/div>\n\n\n\n<div class=\"wp-block-group a-la-ligne\"><div class=\"wp-block-group__inner-container is-layout-constrained wp-block-group-is-layout-constrained\">\n<p class=\"has-text-align-center\">Par l&rsquo;Ensemble Creative Sackbut Collective, direction artistique Franck Poitrineau<\/p>\n<\/div><\/div>\n<\/div>\n\n\n\n<div class=\"wp-block-column is-vertically-aligned-center is-layout-flow wp-block-column-is-layout-flow\" style=\"flex-basis:10%\">\n<div class=\"wp-block-buttons is-content-justification-center is-layout-flex wp-container-core-buttons-is-layout-16018d1d wp-block-buttons-is-layout-flex\">\n<div class=\"wp-block-button has-custom-width wp-block-button__width-100 is-style-outline is-style-outline--6\"><a class=\"wp-block-button__link has-text-color has-link-color wp-element-button\" href=\"https:\/\/lesamisdelasaintechapelle.com\/index.php\/programmation\/nocturne-chez-les-medicis\/\" style=\"border-radius:0px;color:#ff956c\">\u2192<\/a><\/div>\n<\/div>\n<\/div>\n<\/div>\n<\/div><\/div>\n\n\n\n<div class=\"wp-block-group\"><div class=\"wp-block-group__inner-container is-layout-constrained wp-block-group-is-layout-constrained\">\n<hr class=\"wp-block-separator has-text-color has-alpha-channel-opacity has-background is-style-wide\" style=\"background-color:#41c7c0;color:#41c7c0\"\/>\n\n\n\n<h3 class=\"wp-block-heading\">ABENDMUSIK<\/h3>\n\n\n\n<div class=\"wp-block-columns are-vertically-aligned-center is-layout-flex wp-container-core-columns-is-layout-9d6595d7 wp-block-columns-is-layout-flex\">\n<div class=\"wp-block-column is-vertically-aligned-center is-layout-flow wp-block-column-is-layout-flow\">\n<p class=\"has-text-align-center\"><u><strong>Mercredi 10 juin 2026 \u2022 18h (dur\u00e9e 1h)<\/strong><\/u><\/p>\n\n\n\n<div class=\"wp-block-group a-la-ligne\"><div class=\"wp-block-group__inner-container is-layout-constrained wp-block-group-is-layout-constrained\">\n<p class=\"has-text-align-center\">Sainte-Chapelle des Ducs de Savoie, Ch\u00e2teau des Ducs, Chamb\u00e9ry <a href=\"https:\/\/lesamisdelasaintechapelle.com\/index.php\/acces-concerts\/#plans\" target=\"_blank\" rel=\"noopener\" title=\"(plan)\">(plan)<\/a><\/p>\n\n\n\n<p class=\"has-text-align-center\">entr\u00e9e par la grille place du ch\u00e2teau (statue des fr\u00e8res de Maistre)<\/p>\n<\/div><\/div>\n\n\n\n<p class=\"has-text-align-center MrsEavesRoman\"><em>R\u00e9veillez-vous, c\u0153urs endormis ! Venez \u00e9couter l&rsquo;orgue !<\/em><\/p>\n\n\n\n<div class=\"wp-block-group a-la-ligne\"><div class=\"wp-block-group__inner-container is-layout-constrained wp-block-group-is-layout-constrained\">\n<p class=\"has-text-align-center\">Audition des \u00e9l\u00e8ves de la classe d\u2019orgue de la Cit\u00e9 des Arts de Chamb\u00e9ry, direction musicale Muriel Nauche-Groz<\/p>\n<\/div><\/div>\n\n\n\n<p class=\"has-text-align-center\">Concert gratuit, en entr\u00e9e libre | *<em>Abendmusik <\/em>: Musique pour le soir<\/p>\n<\/div>\n\n\n\n<div class=\"wp-block-column is-vertically-aligned-center is-layout-flow wp-block-column-is-layout-flow\" style=\"flex-basis:10%\">\n<div class=\"wp-block-buttons is-content-justification-center is-layout-flex wp-container-core-buttons-is-layout-16018d1d wp-block-buttons-is-layout-flex\">\n<div class=\"wp-block-button has-custom-width wp-block-button__width-100 is-style-outline is-style-outline--7\"><a class=\"wp-block-button__link has-text-color has-link-color wp-element-button\" href=\"https:\/\/lesamisdelasaintechapelle.com\/index.php\/programmation\/abendmusik\/\" style=\"border-radius:0px;color:#ff956c\">\u2192<\/a><\/div>\n<\/div>\n<\/div>\n<\/div>\n<\/div><\/div>\n\n\n\n<div class=\"wp-block-group\"><div class=\"wp-block-group__inner-container is-layout-constrained wp-block-group-is-layout-constrained\">\n<hr class=\"wp-block-separator has-text-color has-alpha-channel-opacity has-background is-style-wide\" style=\"background-color:#41c7c0;color:#41c7c0\"\/>\n\n\n\n<h3 class=\"wp-block-heading\">DUFAY \u00c0 LA NUIT DES TEMPS<\/h3>\n\n\n\n<div class=\"wp-block-columns are-vertically-aligned-center is-layout-flex wp-container-core-columns-is-layout-9d6595d7 wp-block-columns-is-layout-flex\">\n<div class=\"wp-block-column is-vertically-aligned-center is-layout-flow wp-block-column-is-layout-flow\">\n<p class=\"has-text-align-center\"><strong><u>Samedi 13 juin 2026 \u2022 18h (dur\u00e9e 1h)<\/u><\/strong><\/p>\n\n\n\n<div class=\"wp-block-group a-la-ligne\"><div class=\"wp-block-group__inner-container is-layout-constrained wp-block-group-is-layout-constrained\">\n<p class=\"has-text-align-center\">Sainte-Chapelle des Ducs de Savoie, Ch\u00e2teau des Ducs, Chamb\u00e9ry <a href=\"https:\/\/lesamisdelasaintechapelle.com\/index.php\/acces-concerts\/#plans\" target=\"_blank\" rel=\"noopener\" title=\"(plan)\">(plan)<\/a><\/p>\n\n\n\n<p class=\"has-text-align-center\">entr\u00e9e par la grille place du ch\u00e2teau (statue des fr\u00e8res de Maistre)<\/p>\n<\/div><\/div>\n\n\n\n<div class=\"wp-block-group a-la-ligne\"><div class=\"wp-block-group__inner-container is-layout-constrained wp-block-group-is-layout-constrained\">\n<p class=\"has-text-align-center MrsEavesRoman\"><em>Sa musique r\u00e9sonne encore dans le ch\u00e2teau des Ducs&#8230; Entre profane et sacr\u00e9, Dufay se \u00ab\u00a0ballade\u00a0\u00bb&#8230;<\/em><\/p>\n\n\n\n<p class=\"has-text-align-center MrsEavesRoman\"><em>\u00ab\u00a0Allons au may tant\u00f4t accompagn\u00e9s des instruments,<\/em><\/p>\n\n\n\n<p class=\"has-text-align-center MrsEavesRoman\"><em>Allons au ch\u00e2teau prestement, Chanterons chacun un virelay\u00a0\u00bb<\/em><\/p>\n<\/div><\/div>\n\n\n\n<div class=\"wp-block-group a-la-ligne\"><div class=\"wp-block-group__inner-container is-layout-constrained wp-block-group-is-layout-constrained\">\n<p class=\"has-text-align-center\">Concert de fin de masterclasse de chant et conf\u00e9rence<\/p>\n\n\n\n<p class=\"has-text-align-center\">Par les \u00e9l\u00e8ves des classes de chant et de sacqueboute de la Cit\u00e9 des Arts de Chamb\u00e9ry et de l&rsquo;Arc Alpin<\/p>\n\n\n\n<p class=\"has-text-align-center\">Direction artistique J\u00e9r\u00e9mie Couleau G\u00e9rard Geay &amp; Esther Labourdette<\/p>\n<\/div><\/div>\n\n\n\n<p class=\"has-text-align-center\">Concert gratuit, \u00e0 r\u00e9servation obligatoire<\/p>\n<\/div>\n\n\n\n<div class=\"wp-block-column is-vertically-aligned-center is-layout-flow wp-block-column-is-layout-flow\" style=\"flex-basis:10%\">\n<div class=\"wp-block-buttons is-content-justification-center is-layout-flex wp-container-core-buttons-is-layout-16018d1d wp-block-buttons-is-layout-flex\">\n<div class=\"wp-block-button has-custom-width wp-block-button__width-100 is-style-outline is-style-outline--8\"><a class=\"wp-block-button__link has-text-color has-link-color wp-element-button\" href=\"https:\/\/lesamisdelasaintechapelle.com\/index.php\/programmation\/dufay-a-la-nuit-des-temps-1\/\" style=\"border-radius:0px;color:#ff956c\">\u2192<\/a><\/div>\n<\/div>\n<\/div>\n<\/div>\n<\/div><\/div>\n\n\n\n<div class=\"wp-block-group\"><div class=\"wp-block-group__inner-container is-layout-constrained wp-block-group-is-layout-constrained\">\n<hr class=\"wp-block-separator has-text-color has-alpha-channel-opacity has-background is-style-wide\" style=\"background-color:#41c7c0;color:#41c7c0\"\/>\n\n\n\n<h3 class=\"wp-block-heading\">DUFAY \u00c0 LA NUIT DES TEMPS<\/h3>\n\n\n\n<div class=\"wp-block-columns are-vertically-aligned-center is-layout-flex wp-container-core-columns-is-layout-9d6595d7 wp-block-columns-is-layout-flex\">\n<div class=\"wp-block-column is-vertically-aligned-center is-layout-flow wp-block-column-is-layout-flow\">\n<p class=\"has-text-align-center\"><strong><u>Dimanche 14 juin 2026 \u2022 18h (dur\u00e9e 1h)<\/u><\/strong><\/p>\n\n\n\n<div class=\"wp-block-group a-la-ligne\"><div class=\"wp-block-group__inner-container is-layout-constrained wp-block-group-is-layout-constrained\">\n<p class=\"has-text-align-center\">Sainte-Chapelle des Ducs de Savoie, Ch\u00e2teau des Ducs, Chamb\u00e9ry <a href=\"https:\/\/lesamisdelasaintechapelle.com\/index.php\/acces-concerts\/#plans\" target=\"_blank\" rel=\"noopener\" title=\"(plan)\">(plan)<\/a><\/p>\n\n\n\n<p class=\"has-text-align-center\">entr\u00e9e par la grille place du ch\u00e2teau (statue des fr\u00e8res de Maistre)<\/p>\n<\/div><\/div>\n\n\n\n<div class=\"wp-block-group a-la-ligne\"><div class=\"wp-block-group__inner-container is-layout-constrained wp-block-group-is-layout-constrained\">\n<p class=\"has-text-align-center MrsEavesRoman\"><em>Dufay est de retour ! Le compositeur, la Sainte-Chapelle, six si\u00e8cles plus tard&#8230;<\/em><\/p>\n\n\n\n<p class=\"has-text-align-center MrsEavesRoman\"><em>Est-il l&rsquo;auteur de la Missa \u00ab\u00a0La Mort de Saint-Gothard\u00a0\u00bb ? Les chercheurs enqu\u00eatent&#8230;<\/em><\/p>\n<\/div><\/div>\n\n\n\n<div class=\"wp-block-group a-la-ligne\"><div class=\"wp-block-group__inner-container is-layout-constrained wp-block-group-is-layout-constrained\">\n<p class=\"has-text-align-center\">Par l&rsquo;Ensemble La Quintina, direction artistique J\u00e9r\u00e9mie Couleau, avec la participation de G\u00e9rard Geay<\/p>\n<\/div><\/div>\n<\/div>\n\n\n\n<div class=\"wp-block-column is-vertically-aligned-center is-layout-flow wp-block-column-is-layout-flow\" style=\"flex-basis:10%\">\n<div class=\"wp-block-buttons is-content-justification-center is-layout-flex wp-container-core-buttons-is-layout-16018d1d wp-block-buttons-is-layout-flex\">\n<div class=\"wp-block-button has-custom-width wp-block-button__width-100 is-style-outline is-style-outline--9\"><a class=\"wp-block-button__link has-text-color has-link-color wp-element-button\" href=\"https:\/\/lesamisdelasaintechapelle.com\/index.php\/programmation\/dufay-a-la-nuit-des-temps-2\/\" style=\"border-radius:0px;color:#ff956c\">\u2192<\/a><\/div>\n<\/div>\n<\/div>\n<\/div>\n<\/div><\/div>\n\n\n\n<p><\/p>\n","protected":false},"excerpt":{"rendered":"<p>FESTIVAL DE PRINTEMPS 2026 LES NUITS DE LA SAINTE-CHAPELLE &#8211; DU 31 MAI AU 14 JUIN Page en cours de mise \u00e0 jour R\u00e9servation possible \u00e0 : contact@lesamisdelasaintechapelle.com 06 14 31 66 71 L\u2019\u00c9CHO DES SPH\u00c8RES Dimanche 31 mai 2026 \u2022 18h (dur\u00e9e 1h) Sainte-Chapelle des Ducs de Savoie, Ch\u00e2teau des Ducs, Chamb\u00e9ry (plan) entr\u00e9e [&hellip;]<\/p>\n","protected":false},"author":1,"featured_media":0,"parent":0,"menu_order":0,"comment_status":"closed","ping_status":"closed","template":"","meta":{"_monsterinsights_skip_tracking":false,"_monsterinsights_sitenote_active":false,"_monsterinsights_sitenote_note":"","_monsterinsights_sitenote_category":0,"footnotes":""},"folder":[],"class_list":["post-128","page","type-page","status-publish","hentry"],"aioseo_notices":[],"_links":{"self":[{"href":"https:\/\/lesamisdelasaintechapelle.com\/index.php\/wp-json\/wp\/v2\/pages\/128","targetHints":{"allow":["GET"]}}],"collection":[{"href":"https:\/\/lesamisdelasaintechapelle.com\/index.php\/wp-json\/wp\/v2\/pages"}],"about":[{"href":"https:\/\/lesamisdelasaintechapelle.com\/index.php\/wp-json\/wp\/v2\/types\/page"}],"author":[{"embeddable":true,"href":"https:\/\/lesamisdelasaintechapelle.com\/index.php\/wp-json\/wp\/v2\/users\/1"}],"replies":[{"embeddable":true,"href":"https:\/\/lesamisdelasaintechapelle.com\/index.php\/wp-json\/wp\/v2\/comments?post=128"}],"version-history":[{"count":142,"href":"https:\/\/lesamisdelasaintechapelle.com\/index.php\/wp-json\/wp\/v2\/pages\/128\/revisions"}],"predecessor-version":[{"id":2664,"href":"https:\/\/lesamisdelasaintechapelle.com\/index.php\/wp-json\/wp\/v2\/pages\/128\/revisions\/2664"}],"wp:attachment":[{"href":"https:\/\/lesamisdelasaintechapelle.com\/index.php\/wp-json\/wp\/v2\/media?parent=128"}],"wp:term":[{"taxonomy":"folder","embeddable":true,"href":"https:\/\/lesamisdelasaintechapelle.com\/index.php\/wp-json\/wp\/v2\/folder?post=128"}],"curies":[{"name":"wp","href":"https:\/\/api.w.org\/{rel}","templated":true}]}}